{"id":6613,"date":"2025-04-01T17:03:31","date_gmt":"2025-04-01T15:03:31","guid":{"rendered":"https:\/\/www.pocapots.es\/?post_type=product&#038;p=6613"},"modified":"2026-04-21T01:11:05","modified_gmt":"2026-04-20T23:11:05","slug":"tagine-de-pollastre-amb-citrics-2","status":"publish","type":"product","link":"https:\/\/www.pocapots.es\/ca\/produit\/tajine-de-legumes\/","title":{"rendered":"De Tajine de verdures"},"content":{"rendered":"<h2 class=\"wp-block-heading\">Composition<\/h2>\n\n\n\n<ul class=\"wp-block-list\">\n<li>Moniato, carbass\u00f3, alberg\u00ednia, pebrots\u2026 Simple, per\u00f2 efectiu.<\/li>\n<\/ul>\n\n\n\n<h2 class=\"wp-block-heading\">Conseil d\u2019accord<\/h2>\n\n\n\n<p>Plat parfum\u00e9 aux \u00e9pices du Maghreb. Accord avec un ros\u00e9 du Languedoc, un rouge l\u00e9ger Syrah ou un th\u00e9 \u00e0 la menthe. Servir avec semoule fine et harissa \u00e0 part.<\/p>\n\n\n\n<h2 class=\"wp-block-heading\">Livraison &#038; fabrication<\/h2>\n\n\n\n<p>Fabriqu\u00e9 le jour m\u00eame dans nos cuisines. <strong>Livraison offerte \u00e0 Barcelone d\u00e8s 60 \u20ac HT.<\/strong> Pour les commandes &gt; 6 unit\u00e9s, pr\u00e9voir <strong>48 h \u00e0 l\u2019avance<\/strong>.<\/p>\n\n\n\n<p><em>Al\u00b7l\u00e8rgens: s\u00e8sam i fruits secs<\/em><\/p>","protected":false},"excerpt":{"rendered":"<p>Moniato, carbass\u00f3, alberg\u00ednia, pebrots\u2026 Simple, per\u00f2 efectiu.<br \/>\nAl\u00b7l\u00e8rgens: s\u00e8sam i fruits secs<\/p>","protected":false},"featured_media":6702,"template":"","meta":{"rank_math_title":"Tajine de l\u00e9gumes \u2014 Plats \u00e0 partager \u00e0 Barcelone | Poc a Pots","rank_math_description":"Patates douce, courgettes, aubergines, poivrons\u2026 Simple, mais efficace. Livraison offerte \u00e0 Barcelone d\u00e8s 60 \u20ac HT. Commandez en ligne.","rank_math_focus_keyword":"tajine de l\u00e9gumes","rank_math_robots":null,"rank_math_canonical_url":"","rank_math_facebook_title":"","rank_math_facebook_description":"","_joinchat":[]},"product_brand":[],"product_cat":[81],"product_tag":[165],"class_list":{"0":"post-6613","1":"product","2":"type-product","3":"status-publish","4":"has-post-thumbnail","6":"product_cat-plats","7":"product_tag-viandes","9":"first","10":"instock","11":"featured","12":"taxable","13":"shipping-taxable","14":"purchasable","15":"product-type-simple"},"_links":{"self":[{"href":"https:\/\/www.pocapots.es\/ca\/wp-json\/wp\/v2\/product\/6613","targetHints":{"allow":["GET"]}}],"collection":[{"href":"https:\/\/www.pocapots.es\/ca\/wp-json\/wp\/v2\/product"}],"about":[{"href":"https:\/\/www.pocapots.es\/ca\/wp-json\/wp\/v2\/types\/product"}],"wp:featuredmedia":[{"embeddable":true,"href":"https:\/\/www.pocapots.es\/ca\/wp-json\/wp\/v2\/media\/6702"}],"wp:attachment":[{"href":"https:\/\/www.pocapots.es\/ca\/wp-json\/wp\/v2\/media?parent=6613"}],"wp:term":[{"taxonomy":"product_brand","embeddable":true,"href":"https:\/\/www.pocapots.es\/ca\/wp-json\/wp\/v2\/product_brand?post=6613"},{"taxonomy":"product_cat","embeddable":true,"href":"https:\/\/www.pocapots.es\/ca\/wp-json\/wp\/v2\/product_cat?post=6613"},{"taxonomy":"product_tag","embeddable":true,"href":"https:\/\/www.pocapots.es\/ca\/wp-json\/wp\/v2\/product_tag?post=6613"}],"curies":[{"name":"wp","href":"https:\/\/api.w.org\/{rel}","templated":true}]}}