{"id":6612,"date":"2025-04-01T17:03:31","date_gmt":"2025-04-01T15:03:31","guid":{"rendered":"https:\/\/www.pocapots.es\/?post_type=product&#038;p=6612"},"modified":"2026-04-21T01:11:08","modified_gmt":"2026-04-20T23:11:08","slug":"curry-de-verdures-de-pollastre-coco-2","status":"publish","type":"product","link":"https:\/\/www.pocapots.es\/ca\/produit\/curry-de-legumes\/","title":{"rendered":"Curry de verdures amb coco i arr\u00f2s basmati"},"content":{"rendered":"<h2 class=\"wp-block-heading\">Composition<\/h2>\n\n\n\n<ul class=\"wp-block-list\">\n<li>Verdures de temporada, llet de coco, esp\u00e8cies dolces\u2026 Una explosi\u00f3 vegetal.<\/li>\n<\/ul>\n\n\n\n<h2 class=\"wp-block-heading\">Conseil d\u2019accord<\/h2>\n\n\n\n<p>Accord avec un vin blanc aromatique (Gewurztraminer, Riesling sec) ou un sak\u00e9 premium. Une bi\u00e8re blanche japonaise fonctionne \u00e9galement tr\u00e8s bien.<\/p>\n\n\n\n<h2 class=\"wp-block-heading\">Livraison &#038; fabrication<\/h2>\n\n\n\n<p>Fabriqu\u00e9 le jour m\u00eame dans nos cuisines. <strong>Livraison offerte \u00e0 Barcelone d\u00e8s 60 \u20ac HT.<\/strong> Pour les commandes &gt; 6 unit\u00e9s, pr\u00e9voir <strong>48 h \u00e0 l\u2019avance<\/strong>.<\/p>\n\n\n\n<p><em>Al\u00b7l\u00e8rgens: llet de coco, s\u00e8sam<\/em><\/p>","protected":false},"excerpt":{"rendered":"<p>Verdures de temporada, llet de coco, esp\u00e8cies dolces\u2026 Una explosi\u00f3 vegetal.<br \/>\nAl\u00b7l\u00e8rgens: llet de coco, s\u00e8sam<\/p>","protected":false},"featured_media":1130,"template":"","meta":{"rank_math_title":"Curry coco de l\u00e9gumes et riz Basmati \u00e0 Barcelone | Poc a Pots","rank_math_description":"L\u00e9gumes de saison, lait de coco, \u00e9pices douces\u2026 Une explosion v\u00e9g\u00e9tale. Livraison offerte \u00e0 Barcelone d\u00e8s 60 \u20ac HT. Commandez en ligne.","rank_math_focus_keyword":"curry coco de l\u00e9gumes et riz basmati","rank_math_robots":null,"rank_math_canonical_url":"","rank_math_facebook_title":"","rank_math_facebook_description":"","_joinchat":[]},"product_brand":[],"product_cat":[81],"product_tag":[168,165],"class_list":{"0":"post-6612","1":"product","2":"type-product","3":"status-publish","4":"has-post-thumbnail","6":"product_cat-plats","7":"product_tag-asiatique","8":"product_tag-viandes","10":"first","11":"instock","12":"taxable","13":"shipping-taxable","14":"purchasable","15":"product-type-simple"},"_links":{"self":[{"href":"https:\/\/www.pocapots.es\/ca\/wp-json\/wp\/v2\/product\/6612","targetHints":{"allow":["GET"]}}],"collection":[{"href":"https:\/\/www.pocapots.es\/ca\/wp-json\/wp\/v2\/product"}],"about":[{"href":"https:\/\/www.pocapots.es\/ca\/wp-json\/wp\/v2\/types\/product"}],"wp:featuredmedia":[{"embeddable":true,"href":"https:\/\/www.pocapots.es\/ca\/wp-json\/wp\/v2\/media\/1130"}],"wp:attachment":[{"href":"https:\/\/www.pocapots.es\/ca\/wp-json\/wp\/v2\/media?parent=6612"}],"wp:term":[{"taxonomy":"product_brand","embeddable":true,"href":"https:\/\/www.pocapots.es\/ca\/wp-json\/wp\/v2\/product_brand?post=6612"},{"taxonomy":"product_cat","embeddable":true,"href":"https:\/\/www.pocapots.es\/ca\/wp-json\/wp\/v2\/product_cat?post=6612"},{"taxonomy":"product_tag","embeddable":true,"href":"https:\/\/www.pocapots.es\/ca\/wp-json\/wp\/v2\/product_tag?post=6612"}],"curies":[{"name":"wp","href":"https:\/\/api.w.org\/{rel}","templated":true}]}}