{"id":6609,"date":"2025-04-01T17:03:27","date_gmt":"2025-04-01T15:03:27","guid":{"rendered":"https:\/\/www.pocapots.es\/?post_type=product&#038;p=6609"},"modified":"2026-04-21T01:11:17","modified_gmt":"2026-04-20T23:11:17","slug":"pastis-de-pastor-amb-porc-desfilat-porc-esfilagarsat-i-tomaquet","status":"publish","type":"product","link":"https:\/\/www.pocapots.es\/ca\/produit\/hachis-parmentier-au-pulled-porkporc-effiloche-et-tomate\/","title":{"rendered":"Past\u00eds de pastor amb \u201cPull de porc\u201d i tom\u00e0quet"},"content":{"rendered":"<h2 class=\"wp-block-heading\">Composition<\/h2>\n\n\n\n<ul class=\"wp-block-list\">\n<li>Porc tendre, pur\u00e9 de patates casol\u00e0, un toc de tom\u00e0quet... Una revisita que colpeja fort.<\/li>\n<\/ul>\n\n\n\n<h2 class=\"wp-block-heading\">Consell de maridatge<\/h2>\n\n\n\n<p>Servir calent o tebi per compartir. Marida amb un vi negre rod\u00f3 de Catalunya (Garnatxa, Tempranillo) o un blanc gastron\u00f2mic segons el plat.<\/p>\n\n\n\n<h2 class=\"wp-block-heading\">Lliurament &#038; elaboraci\u00f3<\/h2>\n\n\n\n<p>Fabricat el mateix dia a les nostres cuines. <strong>Lliurament gratu\u00eft a Barcelona des de 60 \u20ac IVA excl.<\/strong> Per comandes &gt; 6 unitats, preveu <strong>48 h d\u2019antelaci\u00f3<\/strong>.<\/p>\n\n\n\n<p><em>Al\u00b7l\u00e8rgens: lactosa<\/em><\/p>","protected":false},"excerpt":{"rendered":"<p>Porc tendre, pur\u00e9 de patates casol\u00e0, un toc de tom\u00e0quet... Una revisita que colpeja fort.<br \/>\nAl\u00b7l\u00e8rgens: lactosa<\/p>","protected":false},"featured_media":1132,"template":"","meta":{"rank_math_title":"H\u00e2chis Parmentier au \u00ab Pulled pork \u00bb(porc effiloch\u00e9) et tomate...","rank_math_description":"Porc fondant, pur\u00e9e maison, touche de tomate\u2026 Une revisite qui tape fort. Livraison offerte \u00e0 Barcelone d\u00e8s 60 \u20ac HT. Commandez en ligne.","rank_math_focus_keyword":"h\u00e2chis parmentier au pulled pork et tomate","rank_math_robots":null,"rank_math_canonical_url":"","rank_math_facebook_title":"","rank_math_facebook_description":"","_joinchat":[]},"product_brand":[],"product_cat":[81],"product_tag":[171],"class_list":{"0":"post-6609","1":"product","2":"type-product","3":"status-publish","4":"has-post-thumbnail","6":"product_cat-plats","7":"product_tag-gratins","9":"first","10":"instock","11":"taxable","12":"shipping-taxable","13":"purchasable","14":"product-type-simple"},"_links":{"self":[{"href":"https:\/\/www.pocapots.es\/ca\/wp-json\/wp\/v2\/product\/6609","targetHints":{"allow":["GET"]}}],"collection":[{"href":"https:\/\/www.pocapots.es\/ca\/wp-json\/wp\/v2\/product"}],"about":[{"href":"https:\/\/www.pocapots.es\/ca\/wp-json\/wp\/v2\/types\/product"}],"wp:featuredmedia":[{"embeddable":true,"href":"https:\/\/www.pocapots.es\/ca\/wp-json\/wp\/v2\/media\/1132"}],"wp:attachment":[{"href":"https:\/\/www.pocapots.es\/ca\/wp-json\/wp\/v2\/media?parent=6609"}],"wp:term":[{"taxonomy":"product_brand","embeddable":true,"href":"https:\/\/www.pocapots.es\/ca\/wp-json\/wp\/v2\/product_brand?post=6609"},{"taxonomy":"product_cat","embeddable":true,"href":"https:\/\/www.pocapots.es\/ca\/wp-json\/wp\/v2\/product_cat?post=6609"},{"taxonomy":"product_tag","embeddable":true,"href":"https:\/\/www.pocapots.es\/ca\/wp-json\/wp\/v2\/product_tag?post=6609"}],"curies":[{"name":"wp","href":"https:\/\/api.w.org\/{rel}","templated":true}]}}