{"id":6607,"date":"2025-04-01T17:03:26","date_gmt":"2025-04-01T15:03:26","guid":{"rendered":"https:\/\/www.pocapots.es\/?post_type=product&#038;p=6607"},"modified":"2026-02-07T18:49:34","modified_gmt":"2026-02-07T17:49:34","slug":"lasanya-de-verdures","status":"publish","type":"product","link":"https:\/\/www.pocapots.es\/ca\/produit\/lasagnes-de-legumes\/","title":{"rendered":"Lasanya de verdures"},"content":{"rendered":"","protected":false},"excerpt":{"rendered":"<p>Alberg\u00ednia, carbass\u00f3, tom\u00e0quet, ricotta\u2026 Sol al teu plat.<br \/>\nAl\u00b7l\u00e8rgens: gluten, ous, lactosa<\/p>","protected":false},"featured_media":1134,"template":"","meta":{"_joinchat":[]},"product_brand":[],"product_cat":[81],"product_tag":[208],"class_list":{"0":"post-6607","1":"product","2":"type-product","3":"status-publish","4":"has-post-thumbnail","6":"product_cat-plats","7":"product_tag-lasagnes","9":"first","10":"instock","11":"taxable","12":"shipping-taxable","13":"purchasable","14":"product-type-simple"},"_links":{"self":[{"href":"https:\/\/www.pocapots.es\/ca\/wp-json\/wp\/v2\/product\/6607","targetHints":{"allow":["GET"]}}],"collection":[{"href":"https:\/\/www.pocapots.es\/ca\/wp-json\/wp\/v2\/product"}],"about":[{"href":"https:\/\/www.pocapots.es\/ca\/wp-json\/wp\/v2\/types\/product"}],"wp:featuredmedia":[{"embeddable":true,"href":"https:\/\/www.pocapots.es\/ca\/wp-json\/wp\/v2\/media\/1134"}],"wp:attachment":[{"href":"https:\/\/www.pocapots.es\/ca\/wp-json\/wp\/v2\/media?parent=6607"}],"wp:term":[{"taxonomy":"product_brand","embeddable":true,"href":"https:\/\/www.pocapots.es\/ca\/wp-json\/wp\/v2\/product_brand?post=6607"},{"taxonomy":"product_cat","embeddable":true,"href":"https:\/\/www.pocapots.es\/ca\/wp-json\/wp\/v2\/product_cat?post=6607"},{"taxonomy":"product_tag","embeddable":true,"href":"https:\/\/www.pocapots.es\/ca\/wp-json\/wp\/v2\/product_tag?post=6607"}],"curies":[{"name":"wp","href":"https:\/\/api.w.org\/{rel}","templated":true}]}}