{"id":6601,"date":"2025-04-01T17:03:26","date_gmt":"2025-04-01T15:03:26","guid":{"rendered":"https:\/\/www.pocapots.es\/?post_type=product&#038;p=6601"},"modified":"2025-04-01T17:03:29","modified_gmt":"2025-04-01T15:03:29","slug":"arros-cantones-i-anec-lacat-2","status":"publish","type":"product","link":"https:\/\/www.pocapots.es\/ca\/produit\/riz-cantonnais-et-canard-laque\/","title":{"rendered":"Arr\u00f2s canton\u00e8s i \u00e0nec de Pequ\u00edn"},"content":{"rendered":"","protected":false},"excerpt":{"rendered":"<p>Arr\u00f2s fregit, ous, p\u00e8sols i aquest \u00e0nec rostit... Te&#039;n llepar\u00e0s el bol fins que quedi net.<br \/>\nAl\u00b7l\u00e8rgens: ous, soja, gluten<\/p>","protected":false},"featured_media":2304,"template":"","meta":{"_joinchat":[]},"product_brand":[],"product_cat":[81],"product_tag":[168,165],"class_list":{"0":"post-6601","1":"product","2":"type-product","3":"status-publish","4":"has-post-thumbnail","6":"product_cat-plats","7":"product_tag-asiatique","8":"product_tag-viandes","10":"first","11":"instock","12":"taxable","13":"shipping-taxable","14":"purchasable","15":"product-type-simple"},"_links":{"self":[{"href":"https:\/\/www.pocapots.es\/ca\/wp-json\/wp\/v2\/product\/6601","targetHints":{"allow":["GET"]}}],"collection":[{"href":"https:\/\/www.pocapots.es\/ca\/wp-json\/wp\/v2\/product"}],"about":[{"href":"https:\/\/www.pocapots.es\/ca\/wp-json\/wp\/v2\/types\/product"}],"wp:featuredmedia":[{"embeddable":true,"href":"https:\/\/www.pocapots.es\/ca\/wp-json\/wp\/v2\/media\/2304"}],"wp:attachment":[{"href":"https:\/\/www.pocapots.es\/ca\/wp-json\/wp\/v2\/media?parent=6601"}],"wp:term":[{"taxonomy":"product_brand","embeddable":true,"href":"https:\/\/www.pocapots.es\/ca\/wp-json\/wp\/v2\/product_brand?post=6601"},{"taxonomy":"product_cat","embeddable":true,"href":"https:\/\/www.pocapots.es\/ca\/wp-json\/wp\/v2\/product_cat?post=6601"},{"taxonomy":"product_tag","embeddable":true,"href":"https:\/\/www.pocapots.es\/ca\/wp-json\/wp\/v2\/product_tag?post=6601"}],"curies":[{"name":"wp","href":"https:\/\/api.w.org\/{rel}","templated":true}]}}