{"id":6599,"date":"2025-04-01T17:03:26","date_gmt":"2025-04-01T15:03:26","guid":{"rendered":"https:\/\/www.pocapots.es\/?post_type=product&#038;p=6599"},"modified":"2026-02-07T18:36:49","modified_gmt":"2026-02-07T17:36:49","slug":"vega-a-asiatic","status":"publish","type":"product","link":"https:\/\/www.pocapots.es\/ca\/produit\/vegan-a-lasiatique\/","title":{"rendered":"Veg\u00e0 d&#039;estil asi\u00e0tic"},"content":{"rendered":"","protected":false},"excerpt":{"rendered":"<p>Verdures cruixents, tofu marinat, salsa de soja\u2026 El wok veg\u00e0 que t\u00e9 un gust fant\u00e0stic.<br \/>\nAl\u00b7l\u00e8rgens: soja, gluten, s\u00e8sam<\/p>","protected":false},"featured_media":2276,"template":"","meta":{"_joinchat":[]},"product_brand":[],"product_cat":[81],"product_tag":[115],"class_list":{"0":"post-6599","1":"product","2":"type-product","3":"status-publish","4":"has-post-thumbnail","6":"product_cat-plats","7":"product_tag-vegan","9":"first","10":"instock","11":"taxable","12":"shipping-taxable","13":"purchasable","14":"product-type-simple"},"_links":{"self":[{"href":"https:\/\/www.pocapots.es\/ca\/wp-json\/wp\/v2\/product\/6599","targetHints":{"allow":["GET"]}}],"collection":[{"href":"https:\/\/www.pocapots.es\/ca\/wp-json\/wp\/v2\/product"}],"about":[{"href":"https:\/\/www.pocapots.es\/ca\/wp-json\/wp\/v2\/types\/product"}],"wp:featuredmedia":[{"embeddable":true,"href":"https:\/\/www.pocapots.es\/ca\/wp-json\/wp\/v2\/media\/2276"}],"wp:attachment":[{"href":"https:\/\/www.pocapots.es\/ca\/wp-json\/wp\/v2\/media?parent=6599"}],"wp:term":[{"taxonomy":"product_brand","embeddable":true,"href":"https:\/\/www.pocapots.es\/ca\/wp-json\/wp\/v2\/product_brand?post=6599"},{"taxonomy":"product_cat","embeddable":true,"href":"https:\/\/www.pocapots.es\/ca\/wp-json\/wp\/v2\/product_cat?post=6599"},{"taxonomy":"product_tag","embeddable":true,"href":"https:\/\/www.pocapots.es\/ca\/wp-json\/wp\/v2\/product_tag?post=6599"}],"curies":[{"name":"wp","href":"https:\/\/api.w.org\/{rel}","templated":true}]}}