{"id":6597,"date":"2025-04-01T17:03:25","date_gmt":"2025-04-01T15:03:25","guid":{"rendered":"https:\/\/www.pocapots.es\/?post_type=product&#038;p=6597"},"modified":"2026-04-21T01:11:53","modified_gmt":"2026-04-20T23:11:53","slug":"vedella-a-la-burgesia","status":"publish","type":"product","link":"https:\/\/www.pocapots.es\/ca\/produit\/boeuf-bourguignon\/","title":{"rendered":"Vedella Bourguignon i arr\u00f2s rod\u00f3"},"content":{"rendered":"<h2 class=\"wp-block-heading\">Composition<\/h2>\n\n\n\n<ul class=\"wp-block-list\">\n<li>Vedella tendra, cuita a foc lent amb salsa de vi negre, cansalada, xampinyons, pastanagues\u2026 Fran\u00e7a en tota la seva esplendor.<\/li>\n<\/ul>\n\n\n\n<h2 class=\"wp-block-heading\">Consell de maridatge<\/h2>\n\n\n\n<p>Plat gener\u00f3s, servit per compartir. Acompanya amb un negre estructurat: Priorat, Montsant, o un Bordeus de la riba dreta. Cal preveure 2 ampolles per a 6 comensals.<\/p>\n\n\n\n<h2 class=\"wp-block-heading\">Lliurament &#038; elaboraci\u00f3<\/h2>\n\n\n\n<p>Fabricat el mateix dia a les nostres cuines. <strong>Lliurament gratu\u00eft a Barcelona des de 60 \u20ac IVA excl.<\/strong> Per comandes &gt; 6 unitats, preveu <strong>48 h d\u2019antelaci\u00f3<\/strong>.<\/p>\n\n\n\n<p><em>Al\u00b7l\u00e8rgens: Gluten, ceba<\/em><\/p>","protected":false},"excerpt":{"rendered":"<p>Vedella tendra, cuita a foc lent amb salsa de vi negre, cansalada, xampinyons, pastanagues\u2026 Fran\u00e7a en tota la seva esplendor.<br \/>\nAl\u00b7l\u00e8rgens: Gluten, ceba<\/p>","protected":false},"featured_media":6883,"template":"","meta":{"rank_math_title":"Bourguignon et riz rond \u00e0 Barcelone | Poc a Pots","rank_math_description":"B\u0153uf fondant mijot\u00e9 et sa sauce au vin rouge, lardons, champignons, carottes\u2026 La France dans tout\u2026 Livraison Barcelone d\u00e8s 60\u20ac.","rank_math_focus_keyword":"bourguignon et riz rond","rank_math_robots":null,"rank_math_canonical_url":"","rank_math_facebook_title":"","rank_math_facebook_description":"","_joinchat":[]},"product_brand":[],"product_cat":[81],"product_tag":[165],"class_list":{"0":"post-6597","1":"product","2":"type-product","3":"status-publish","4":"has-post-thumbnail","6":"product_cat-plats","7":"product_tag-viandes","9":"first","10":"instock","11":"featured","12":"taxable","13":"shipping-taxable","14":"purchasable","15":"product-type-simple"},"_links":{"self":[{"href":"https:\/\/www.pocapots.es\/ca\/wp-json\/wp\/v2\/product\/6597","targetHints":{"allow":["GET"]}}],"collection":[{"href":"https:\/\/www.pocapots.es\/ca\/wp-json\/wp\/v2\/product"}],"about":[{"href":"https:\/\/www.pocapots.es\/ca\/wp-json\/wp\/v2\/types\/product"}],"wp:featuredmedia":[{"embeddable":true,"href":"https:\/\/www.pocapots.es\/ca\/wp-json\/wp\/v2\/media\/6883"}],"wp:attachment":[{"href":"https:\/\/www.pocapots.es\/ca\/wp-json\/wp\/v2\/media?parent=6597"}],"wp:term":[{"taxonomy":"product_brand","embeddable":true,"href":"https:\/\/www.pocapots.es\/ca\/wp-json\/wp\/v2\/product_brand?post=6597"},{"taxonomy":"product_cat","embeddable":true,"href":"https:\/\/www.pocapots.es\/ca\/wp-json\/wp\/v2\/product_cat?post=6597"},{"taxonomy":"product_tag","embeddable":true,"href":"https:\/\/www.pocapots.es\/ca\/wp-json\/wp\/v2\/product_tag?post=6597"}],"curies":[{"name":"wp","href":"https:\/\/api.w.org\/{rel}","templated":true}]}}