{"id":6595,"date":"2025-04-01T17:03:25","date_gmt":"2025-04-01T15:03:25","guid":{"rendered":"https:\/\/www.pocapots.es\/?post_type=product&#038;p=6595"},"modified":"2026-02-07T18:46:46","modified_gmt":"2026-02-07T17:46:46","slug":"bols-de-poke-de-salmo","status":"publish","type":"product","link":"https:\/\/www.pocapots.es\/ca\/produit\/poke-bowls-saumon\/","title":{"rendered":"Bols de poke de salm\u00f3"},"content":{"rendered":"","protected":false},"excerpt":{"rendered":"<p>Salm\u00f3 marinat, arr\u00f2s en vinagre, alvocat, edamame... \u00c9s preci\u00f3s, \u00e9s bo, \u00e9s equilibrat.<br \/>\nAl\u00b7l\u00e8rgens: peix, s\u00e8sam, soja<\/p>","protected":false},"featured_media":748,"template":"","meta":{"_joinchat":[]},"product_brand":[],"product_cat":[81],"product_tag":[133],"class_list":{"0":"post-6595","1":"product","2":"type-product","3":"status-publish","4":"has-post-thumbnail","6":"product_cat-plats","7":"product_tag-poissons","9":"first","10":"instock","11":"taxable","12":"shipping-taxable","13":"purchasable","14":"product-type-simple"},"_links":{"self":[{"href":"https:\/\/www.pocapots.es\/ca\/wp-json\/wp\/v2\/product\/6595","targetHints":{"allow":["GET"]}}],"collection":[{"href":"https:\/\/www.pocapots.es\/ca\/wp-json\/wp\/v2\/product"}],"about":[{"href":"https:\/\/www.pocapots.es\/ca\/wp-json\/wp\/v2\/types\/product"}],"wp:featuredmedia":[{"embeddable":true,"href":"https:\/\/www.pocapots.es\/ca\/wp-json\/wp\/v2\/media\/748"}],"wp:attachment":[{"href":"https:\/\/www.pocapots.es\/ca\/wp-json\/wp\/v2\/media?parent=6595"}],"wp:term":[{"taxonomy":"product_brand","embeddable":true,"href":"https:\/\/www.pocapots.es\/ca\/wp-json\/wp\/v2\/product_brand?post=6595"},{"taxonomy":"product_cat","embeddable":true,"href":"https:\/\/www.pocapots.es\/ca\/wp-json\/wp\/v2\/product_cat?post=6595"},{"taxonomy":"product_tag","embeddable":true,"href":"https:\/\/www.pocapots.es\/ca\/wp-json\/wp\/v2\/product_tag?post=6595"}],"curies":[{"name":"wp","href":"https:\/\/api.w.org\/{rel}","templated":true}]}}