{"id":6592,"date":"2025-04-01T17:03:25","date_gmt":"2025-04-01T15:03:25","guid":{"rendered":"https:\/\/www.pocapots.es\/?post_type=product&#038;p=6592"},"modified":"2026-04-21T01:12:09","modified_gmt":"2026-04-20T23:12:09","slug":"wok-de-pasta-amb-pollastre-asiatic","status":"publish","type":"product","link":"https:\/\/www.pocapots.es\/ca\/produit\/wok-de-pates-asiatiques-au-poulet\/","title":{"rendered":"Wok de pasta asi\u00e0tica amb pollastre"},"content":{"rendered":"<h2 class=\"wp-block-heading\">Composition<\/h2>\n\n\n\n<ul class=\"wp-block-list\">\n<li>Pollastre saltat, fideus que es fonen, verdures cruixents... La barreja perfecta de dol\u00e7 i cruixent.<\/li>\n<\/ul>\n\n\n\n<h2 class=\"wp-block-heading\">Consell de maridatge<\/h2>\n\n\n\n<p>Marida amb un vi blanc arom\u00e0tic (Gewurztraminer, Riesling sec) o un sake premium. Una cervesa blanca japonesa tamb\u00e9 funciona molt b\u00e9.<\/p>\n\n\n\n<h2 class=\"wp-block-heading\">Lliurament &#038; elaboraci\u00f3<\/h2>\n\n\n\n<p>Fabricat el mateix dia a les nostres cuines. <strong>Lliurament gratu\u00eft a Barcelona des de 60 \u20ac IVA excl.<\/strong> Per comandes &gt; 6 unitats, preveu <strong>48 h d\u2019antelaci\u00f3<\/strong>.<\/p>\n\n\n\n<p><em>Al\u00b7l\u00e8rgens: gluten, soja, ous, s\u00e8sam<\/em><\/p>","protected":false},"excerpt":{"rendered":"<p>Pollastre saltat, fideus que es fonen, verdures cruixents... La barreja perfecta de dol\u00e7 i cruixent.<br \/>\nAl\u00b7l\u00e8rgens: gluten, soja, ous, s\u00e8sam<\/p>","protected":false},"featured_media":1947,"template":"","meta":{"rank_math_title":"Wok de p\u00e2tes asiatiques au poulet \u00e0 Barcelone | Poc a Pots","rank_math_description":"Poulet saut\u00e9, nouilles fondantes, petits l\u00e9gumes croquants\u2026 Le m\u00e9lange parfait entre douceur et c\u2026 Livraison Barcelone d\u00e8s 60\u20ac.","rank_math_focus_keyword":"wok de p\u00e2tes asiatiques au poulet","rank_math_robots":null,"rank_math_canonical_url":"","rank_math_facebook_title":"","rank_math_facebook_description":"","_joinchat":[]},"product_brand":[],"product_cat":[81],"product_tag":[168,165],"class_list":{"0":"post-6592","1":"product","2":"type-product","3":"status-publish","4":"has-post-thumbnail","6":"product_cat-plats","7":"product_tag-asiatique","8":"product_tag-viandes","10":"first","11":"instock","12":"taxable","13":"shipping-taxable","14":"purchasable","15":"product-type-simple"},"_links":{"self":[{"href":"https:\/\/www.pocapots.es\/ca\/wp-json\/wp\/v2\/product\/6592","targetHints":{"allow":["GET"]}}],"collection":[{"href":"https:\/\/www.pocapots.es\/ca\/wp-json\/wp\/v2\/product"}],"about":[{"href":"https:\/\/www.pocapots.es\/ca\/wp-json\/wp\/v2\/types\/product"}],"wp:featuredmedia":[{"embeddable":true,"href":"https:\/\/www.pocapots.es\/ca\/wp-json\/wp\/v2\/media\/1947"}],"wp:attachment":[{"href":"https:\/\/www.pocapots.es\/ca\/wp-json\/wp\/v2\/media?parent=6592"}],"wp:term":[{"taxonomy":"product_brand","embeddable":true,"href":"https:\/\/www.pocapots.es\/ca\/wp-json\/wp\/v2\/product_brand?post=6592"},{"taxonomy":"product_cat","embeddable":true,"href":"https:\/\/www.pocapots.es\/ca\/wp-json\/wp\/v2\/product_cat?post=6592"},{"taxonomy":"product_tag","embeddable":true,"href":"https:\/\/www.pocapots.es\/ca\/wp-json\/wp\/v2\/product_tag?post=6592"}],"curies":[{"name":"wp","href":"https:\/\/api.w.org\/{rel}","templated":true}]}}