{"id":6588,"date":"2025-04-01T17:03:25","date_gmt":"2025-04-01T15:03:25","guid":{"rendered":"https:\/\/www.pocapots.es\/?post_type=product&#038;p=6588"},"modified":"2026-02-07T18:52:42","modified_gmt":"2026-02-07T17:52:42","slug":"curri-de-rap","status":"publish","type":"product","link":"https:\/\/www.pocapots.es\/ca\/produit\/curry-de-lotte\/","title":{"rendered":"Rap al curri de coco i arr\u00f2s basmati"},"content":{"rendered":"","protected":false},"excerpt":{"rendered":"<p>Rap tendre, llet de coco, esp\u00e8cies dolces i un toc de llima... Una onada de sabors que et transportar\u00e0 directament als tr\u00f2pics.<br \/>\nAl\u00b7l\u00e8rgens: peix, llet de coco<\/p>","protected":false},"featured_media":981,"template":"","meta":{"_joinchat":[]},"product_brand":[],"product_cat":[81],"product_tag":[168,133],"class_list":{"0":"post-6588","1":"product","2":"type-product","3":"status-publish","4":"has-post-thumbnail","6":"product_cat-plats","7":"product_tag-asiatique","8":"product_tag-poissons","10":"first","11":"instock","12":"taxable","13":"shipping-taxable","14":"purchasable","15":"product-type-simple"},"_links":{"self":[{"href":"https:\/\/www.pocapots.es\/ca\/wp-json\/wp\/v2\/product\/6588","targetHints":{"allow":["GET"]}}],"collection":[{"href":"https:\/\/www.pocapots.es\/ca\/wp-json\/wp\/v2\/product"}],"about":[{"href":"https:\/\/www.pocapots.es\/ca\/wp-json\/wp\/v2\/types\/product"}],"wp:featuredmedia":[{"embeddable":true,"href":"https:\/\/www.pocapots.es\/ca\/wp-json\/wp\/v2\/media\/981"}],"wp:attachment":[{"href":"https:\/\/www.pocapots.es\/ca\/wp-json\/wp\/v2\/media?parent=6588"}],"wp:term":[{"taxonomy":"product_brand","embeddable":true,"href":"https:\/\/www.pocapots.es\/ca\/wp-json\/wp\/v2\/product_brand?post=6588"},{"taxonomy":"product_cat","embeddable":true,"href":"https:\/\/www.pocapots.es\/ca\/wp-json\/wp\/v2\/product_cat?post=6588"},{"taxonomy":"product_tag","embeddable":true,"href":"https:\/\/www.pocapots.es\/ca\/wp-json\/wp\/v2\/product_tag?post=6588"}],"curies":[{"name":"wp","href":"https:\/\/api.w.org\/{rel}","templated":true}]}}