{"id":6582,"date":"2025-04-01T17:03:24","date_gmt":"2025-04-01T15:03:24","guid":{"rendered":"https:\/\/www.pocapots.es\/?post_type=product&#038;p=6582"},"modified":"2026-04-21T01:12:40","modified_gmt":"2026-04-20T23:12:40","slug":"lasanya-dalberginia-sense-massa","status":"publish","type":"product","link":"https:\/\/www.pocapots.es\/ca\/produit\/lasagne-daubergine-sans-pate\/","title":{"rendered":"Lasanya d&#039;alberg\u00ednia sense pasta"},"content":{"rendered":"<h2 class=\"wp-block-heading\">Composition<\/h2>\n\n\n\n<ul class=\"wp-block-list\">\n<li>Alberg\u00ednia fondent, salsa de tom\u00e0quet, formatge\u2026 L\u2019opci\u00f3 lleugera per\u00f2 plena de gust.<\/li>\n<\/ul>\n\n\n\n<h2 class=\"wp-block-heading\">Consell de maridatge<\/h2>\n\n\n\n<p>Servir calent o tebi per compartir. Marida amb un vi negre rod\u00f3 de Catalunya (Garnatxa, Tempranillo) o un blanc gastron\u00f2mic segons el plat.<\/p>\n\n\n\n<h2 class=\"wp-block-heading\">Lliurament &#038; elaboraci\u00f3<\/h2>\n\n\n\n<p>Fabricat el mateix dia a les nostres cuines. <strong>Lliurament gratu\u00eft a Barcelona des de 60 \u20ac IVA excl.<\/strong> Per comandes &gt; 6 unitats, preveu <strong>48 h d\u2019antelaci\u00f3<\/strong>.<\/p>\n\n\n\n<p><em>Al\u00b7l\u00e8rgens: lactosa<\/em><\/p>","protected":false},"excerpt":{"rendered":"<p>Alberg\u00ednia fosa, salsa de tom\u00e0quet, formatge\u2026 L&#039;opci\u00f3 lleugera per\u00f2 saborosa.<br \/>\nAl\u00b7l\u00e8rgens: lactosa<\/p>","protected":false},"featured_media":1133,"template":"","meta":{"rank_math_title":"Lasagnes d\u2019aubergine sans p\u00e2te \u00e0 Barcelone | Poc a Pots","rank_math_description":"Aubergine fondante, sauce tomate, fromage\u2026 L\u2019option l\u00e9g\u00e8re mais pleine de go\u00fbt. Livraison offerte \u00e0 Barcelone d\u00e8s 60 \u20ac HT. Commandez en ligne.","rank_math_focus_keyword":"lasagnes d\u2019aubergine sans p\u00e2te","rank_math_robots":null,"rank_math_canonical_url":"","rank_math_facebook_title":"","rank_math_facebook_description":"","_joinchat":[]},"product_brand":[],"product_cat":[81],"product_tag":[114],"class_list":{"0":"post-6582","1":"product","2":"type-product","3":"status-publish","4":"has-post-thumbnail","6":"product_cat-plats","7":"product_tag-vegetarien-2","9":"first","10":"instock","11":"taxable","12":"shipping-taxable","13":"purchasable","14":"product-type-simple"},"_links":{"self":[{"href":"https:\/\/www.pocapots.es\/ca\/wp-json\/wp\/v2\/product\/6582","targetHints":{"allow":["GET"]}}],"collection":[{"href":"https:\/\/www.pocapots.es\/ca\/wp-json\/wp\/v2\/product"}],"about":[{"href":"https:\/\/www.pocapots.es\/ca\/wp-json\/wp\/v2\/types\/product"}],"wp:featuredmedia":[{"embeddable":true,"href":"https:\/\/www.pocapots.es\/ca\/wp-json\/wp\/v2\/media\/1133"}],"wp:attachment":[{"href":"https:\/\/www.pocapots.es\/ca\/wp-json\/wp\/v2\/media?parent=6582"}],"wp:term":[{"taxonomy":"product_brand","embeddable":true,"href":"https:\/\/www.pocapots.es\/ca\/wp-json\/wp\/v2\/product_brand?post=6582"},{"taxonomy":"product_cat","embeddable":true,"href":"https:\/\/www.pocapots.es\/ca\/wp-json\/wp\/v2\/product_cat?post=6582"},{"taxonomy":"product_tag","embeddable":true,"href":"https:\/\/www.pocapots.es\/ca\/wp-json\/wp\/v2\/product_tag?post=6582"}],"curies":[{"name":"wp","href":"https:\/\/api.w.org\/{rel}","templated":true}]}}