{"id":6580,"date":"2025-04-01T17:03:24","date_gmt":"2025-04-01T15:03:24","guid":{"rendered":"https:\/\/www.pocapots.es\/?post_type=product&#038;p=6580"},"modified":"2026-02-07T18:32:41","modified_gmt":"2026-02-07T17:32:41","slug":"pastis-de-pastor-de-vedella","status":"publish","type":"product","link":"https:\/\/www.pocapots.es\/ca\/produit\/hachis-parmentier-boeuf\/","title":{"rendered":"Hash de Parmentier de vedella"},"content":{"rendered":"","protected":false},"excerpt":{"rendered":"<p>Pur\u00e9 de patates casol\u00e0, vedella estofada... La recepta de l&#039;\u00e0via, per\u00f2 millor.<br \/>\nAl\u00b7l\u00e8rgens: lactosa<\/p>","protected":false},"featured_media":1132,"template":"","meta":{"_joinchat":[]},"product_brand":[],"product_cat":[81],"product_tag":[165],"class_list":{"0":"post-6580","1":"product","2":"type-product","3":"status-publish","4":"has-post-thumbnail","6":"product_cat-plats","7":"product_tag-viandes","9":"first","10":"instock","11":"taxable","12":"shipping-taxable","13":"purchasable","14":"product-type-simple"},"_links":{"self":[{"href":"https:\/\/www.pocapots.es\/ca\/wp-json\/wp\/v2\/product\/6580","targetHints":{"allow":["GET"]}}],"collection":[{"href":"https:\/\/www.pocapots.es\/ca\/wp-json\/wp\/v2\/product"}],"about":[{"href":"https:\/\/www.pocapots.es\/ca\/wp-json\/wp\/v2\/types\/product"}],"wp:featuredmedia":[{"embeddable":true,"href":"https:\/\/www.pocapots.es\/ca\/wp-json\/wp\/v2\/media\/1132"}],"wp:attachment":[{"href":"https:\/\/www.pocapots.es\/ca\/wp-json\/wp\/v2\/media?parent=6580"}],"wp:term":[{"taxonomy":"product_brand","embeddable":true,"href":"https:\/\/www.pocapots.es\/ca\/wp-json\/wp\/v2\/product_brand?post=6580"},{"taxonomy":"product_cat","embeddable":true,"href":"https:\/\/www.pocapots.es\/ca\/wp-json\/wp\/v2\/product_cat?post=6580"},{"taxonomy":"product_tag","embeddable":true,"href":"https:\/\/www.pocapots.es\/ca\/wp-json\/wp\/v2\/product_tag?post=6580"}],"curies":[{"name":"wp","href":"https:\/\/api.w.org\/{rel}","templated":true}]}}