{"id":6567,"date":"2025-04-01T17:03:19","date_gmt":"2025-04-01T15:03:19","guid":{"rendered":"https:\/\/www.pocapots.es\/?post_type=product&#038;p=6567"},"modified":"2026-04-21T01:13:27","modified_gmt":"2026-04-20T23:13:27","slug":"tiramisu-de-fruites-de-temporada","status":"publish","type":"product","link":"https:\/\/www.pocapots.es\/ca\/produit\/tiramisu-aux-fruits-de-saison\/","title":{"rendered":"Tiramis\u00fa de fruites de temporada"},"content":{"rendered":"<h2 class=\"wp-block-heading\">Composition<\/h2>\n\n\n\n<ul class=\"wp-block-list\">\n<li>Mascarpone crem\u00f3s, galetes remullades i fruites de temporada\u2026 Fa olor d&#039;It\u00e0lia, per\u00f2 amb un toc local.<\/li>\n<\/ul>\n\n\n\n<h2 class=\"wp-block-heading\">Consell de maridatge<\/h2>\n\n\n\n<p>Perfecte per tancar un \u00e0pat. Acompanya amb un vi dol\u00e7 (Sauternes, Banyuls) o un cava semi-sec ben fred. Opcionalment, caf\u00e8 o te negre per un acompanyament cl\u00e0ssic i net.<\/p>\n\n\n\n<h2 class=\"wp-block-heading\">Lliurament &#038; elaboraci\u00f3<\/h2>\n\n\n\n<p>Fabricat el mateix dia a les nostres cuines. <strong>Lliurament gratu\u00eft a Barcelona des de 60 \u20ac IVA excl.<\/strong> Per comandes &gt; 6 unitats, preveu <strong>48 h d\u2019antelaci\u00f3<\/strong>.<\/p>\n\n\n\n<p><em>Al\u00b7l\u00e8rgens: gluten, ous, lactosa<\/em><\/p>","protected":false},"excerpt":{"rendered":"<p>Mascarpone crem\u00f3s, galetes remullades i fruites de temporada\u2026 Fa olor d&#039;It\u00e0lia, per\u00f2 amb un toc local.<br \/>\nAl\u00b7l\u00e8rgens: gluten, ous, lactosa<\/p>","protected":false},"featured_media":1212,"template":"","meta":{"rank_math_title":"Tiramisu aux fruits de saison \u00e0 Barcelone | Poc a Pots","rank_math_description":"Mascarpone cr\u00e9meux, biscuits imbib\u00e9s et fruits du moment\u2026 \u00c7a sent l\u2019Italie, mais avec une touche \u2026 Livraison Barcelone d\u00e8s 60\u20ac.","rank_math_focus_keyword":"tiramisu aux fruits de saison","rank_math_robots":null,"rank_math_canonical_url":"","rank_math_facebook_title":"","rank_math_facebook_description":"","_joinchat":[]},"product_brand":[],"product_cat":[69],"product_tag":[159],"class_list":{"0":"post-6567","1":"product","2":"type-product","3":"status-publish","4":"has-post-thumbnail","6":"product_cat-plateaux-pour-buffet-sucres","7":"product_tag-fruits","9":"first","10":"instock","11":"taxable","12":"shipping-taxable","13":"purchasable","14":"product-type-simple"},"_links":{"self":[{"href":"https:\/\/www.pocapots.es\/ca\/wp-json\/wp\/v2\/product\/6567","targetHints":{"allow":["GET"]}}],"collection":[{"href":"https:\/\/www.pocapots.es\/ca\/wp-json\/wp\/v2\/product"}],"about":[{"href":"https:\/\/www.pocapots.es\/ca\/wp-json\/wp\/v2\/types\/product"}],"wp:featuredmedia":[{"embeddable":true,"href":"https:\/\/www.pocapots.es\/ca\/wp-json\/wp\/v2\/media\/1212"}],"wp:attachment":[{"href":"https:\/\/www.pocapots.es\/ca\/wp-json\/wp\/v2\/media?parent=6567"}],"wp:term":[{"taxonomy":"product_brand","embeddable":true,"href":"https:\/\/www.pocapots.es\/ca\/wp-json\/wp\/v2\/product_brand?post=6567"},{"taxonomy":"product_cat","embeddable":true,"href":"https:\/\/www.pocapots.es\/ca\/wp-json\/wp\/v2\/product_cat?post=6567"},{"taxonomy":"product_tag","embeddable":true,"href":"https:\/\/www.pocapots.es\/ca\/wp-json\/wp\/v2\/product_tag?post=6567"}],"curies":[{"name":"wp","href":"https:\/\/api.w.org\/{rel}","templated":true}]}}