{"id":6561,"date":"2025-04-01T17:03:18","date_gmt":"2025-04-01T15:03:18","guid":{"rendered":"https:\/\/www.pocapots.es\/?post_type=product&#038;p=6561"},"modified":"2025-04-01T17:03:21","modified_gmt":"2025-04-01T15:03:21","slug":"mini-tarta-tatin","status":"publish","type":"product","link":"https:\/\/www.pocapots.es\/ca\/produit\/mini-tarte-tatin\/","title":{"rendered":"Mini tarta Tatin"},"content":{"rendered":"","protected":false},"excerpt":{"rendered":"<p>Pomes caramel\u00b7litzades, pasta daurada... Ens ho mengem cap per avall, per\u00f2 aix\u00f2 \u00e9s el que li fa tant d&#039;encant.<br \/>\nAl\u00b7l\u00e8rgens: gluten, lactosa<\/p>","protected":false},"featured_media":989,"template":"","meta":{"_joinchat":[]},"product_brand":[],"product_cat":[69],"product_tag":[254,159],"class_list":{"0":"post-6561","1":"product","2":"type-product","3":"status-publish","4":"has-post-thumbnail","6":"product_cat-plateaux-pour-buffet-sucres","7":"product_tag-farine-bio","8":"product_tag-fruits","10":"first","11":"instock","12":"taxable","13":"shipping-taxable","14":"purchasable","15":"product-type-simple"},"_links":{"self":[{"href":"https:\/\/www.pocapots.es\/ca\/wp-json\/wp\/v2\/product\/6561","targetHints":{"allow":["GET"]}}],"collection":[{"href":"https:\/\/www.pocapots.es\/ca\/wp-json\/wp\/v2\/product"}],"about":[{"href":"https:\/\/www.pocapots.es\/ca\/wp-json\/wp\/v2\/types\/product"}],"wp:featuredmedia":[{"embeddable":true,"href":"https:\/\/www.pocapots.es\/ca\/wp-json\/wp\/v2\/media\/989"}],"wp:attachment":[{"href":"https:\/\/www.pocapots.es\/ca\/wp-json\/wp\/v2\/media?parent=6561"}],"wp:term":[{"taxonomy":"product_brand","embeddable":true,"href":"https:\/\/www.pocapots.es\/ca\/wp-json\/wp\/v2\/product_brand?post=6561"},{"taxonomy":"product_cat","embeddable":true,"href":"https:\/\/www.pocapots.es\/ca\/wp-json\/wp\/v2\/product_cat?post=6561"},{"taxonomy":"product_tag","embeddable":true,"href":"https:\/\/www.pocapots.es\/ca\/wp-json\/wp\/v2\/product_tag?post=6561"}],"curies":[{"name":"wp","href":"https:\/\/api.w.org\/{rel}","templated":true}]}}