{"id":6559,"date":"2025-04-01T17:03:18","date_gmt":"2025-04-01T15:03:18","guid":{"rendered":"https:\/\/www.pocapots.es\/?post_type=product&#038;p=6559"},"modified":"2026-04-21T01:13:52","modified_gmt":"2026-04-20T23:13:52","slug":"mini-panna-cotta-de-fruits-vermells","status":"publish","type":"product","link":"https:\/\/www.pocapots.es\/ca\/produit\/mini-panna-cotta-de-fruits-rouges\/","title":{"rendered":"Mini Panna Cotta de Fruits Vermells"},"content":{"rendered":"<h2 class=\"wp-block-heading\">Composition<\/h2>\n\n\n\n<ul class=\"wp-block-list\">\n<li>Crema suau, coulis de fruits vermells... dol\u00e7or italiana que es fon a la boca.<\/li>\n<\/ul>\n\n\n\n<h2 class=\"wp-block-heading\">Consell de maridatge<\/h2>\n\n\n\n<p>Perfecte per tancar un \u00e0pat. Acompanya amb un vi dol\u00e7 (Sauternes, Banyuls) o un cava semi-sec ben fred. Opcionalment, caf\u00e8 o te negre per un acompanyament cl\u00e0ssic i net.<\/p>\n\n\n\n<h2 class=\"wp-block-heading\">Lliurament &#038; elaboraci\u00f3<\/h2>\n\n\n\n<p>Fabricat el mateix dia a les nostres cuines. <strong>Lliurament gratu\u00eft a Barcelona des de 60 \u20ac IVA excl.<\/strong> Per comandes &gt; 6 unitats, preveu <strong>48 h d\u2019antelaci\u00f3<\/strong>.<\/p>\n\n\n\n<p><em>Al\u00b7l\u00e8rgens: lactosa<\/em><\/p>","protected":false},"excerpt":{"rendered":"<p>Crema suau, coulis de fruits vermells... dol\u00e7or italiana que es fon a la boca.<br \/>\nAl\u00b7l\u00e8rgens: lactosa<\/p>","protected":false},"featured_media":1342,"template":"","meta":{"rank_math_title":"Mini Panna cotta de fruits rouges \u00e0 Barcelone | Poc a Pots","rank_math_description":"Cr\u00e8me onctueuse, coulis de fruits rouges\u2026 La douceur italienne qui fait fondre. Livraison offerte \u00e0 Barcelone d\u00e8s 60 \u20ac HT. Commandez en ligne.","rank_math_focus_keyword":"mini panna cotta de fruits rouges","rank_math_robots":null,"rank_math_canonical_url":"","rank_math_facebook_title":"","rank_math_facebook_description":"","_joinchat":[]},"product_brand":[],"product_cat":[69],"product_tag":[],"class_list":{"0":"post-6559","1":"product","2":"type-product","3":"status-publish","4":"has-post-thumbnail","6":"product_cat-plateaux-pour-buffet-sucres","8":"first","9":"instock","10":"taxable","11":"shipping-taxable","12":"purchasable","13":"product-type-simple"},"_links":{"self":[{"href":"https:\/\/www.pocapots.es\/ca\/wp-json\/wp\/v2\/product\/6559","targetHints":{"allow":["GET"]}}],"collection":[{"href":"https:\/\/www.pocapots.es\/ca\/wp-json\/wp\/v2\/product"}],"about":[{"href":"https:\/\/www.pocapots.es\/ca\/wp-json\/wp\/v2\/types\/product"}],"wp:featuredmedia":[{"embeddable":true,"href":"https:\/\/www.pocapots.es\/ca\/wp-json\/wp\/v2\/media\/1342"}],"wp:attachment":[{"href":"https:\/\/www.pocapots.es\/ca\/wp-json\/wp\/v2\/media?parent=6559"}],"wp:term":[{"taxonomy":"product_brand","embeddable":true,"href":"https:\/\/www.pocapots.es\/ca\/wp-json\/wp\/v2\/product_brand?post=6559"},{"taxonomy":"product_cat","embeddable":true,"href":"https:\/\/www.pocapots.es\/ca\/wp-json\/wp\/v2\/product_cat?post=6559"},{"taxonomy":"product_tag","embeddable":true,"href":"https:\/\/www.pocapots.es\/ca\/wp-json\/wp\/v2\/product_tag?post=6559"}],"curies":[{"name":"wp","href":"https:\/\/api.w.org\/{rel}","templated":true}]}}