{"id":6557,"date":"2025-04-01T17:03:18","date_gmt":"2025-04-01T15:03:18","guid":{"rendered":"https:\/\/www.pocapots.es\/?post_type=product&#038;p=6557"},"modified":"2025-04-01T17:03:21","modified_gmt":"2025-04-01T15:03:21","slug":"financers","status":"publish","type":"product","link":"https:\/\/www.pocapots.es\/ca\/produit\/financiers\/","title":{"rendered":"Financera"},"content":{"rendered":"","protected":false},"excerpt":{"rendered":"<p>Petit, daurat, ric en mantega... El financer \u00e9s el past\u00eds petit que no sembla gaire cosa, per\u00f2 que t\u00e9 molta for\u00e7a.<br \/>\nAl\u00b7l\u00e8rgens: gluten, ous, fruits secs (ametlles)<\/p>","protected":false},"featured_media":1172,"template":"","meta":{"_joinchat":[]},"product_brand":[],"product_cat":[69],"product_tag":[254],"class_list":{"0":"post-6557","1":"product","2":"type-product","3":"status-publish","4":"has-post-thumbnail","6":"product_cat-plateaux-pour-buffet-sucres","7":"product_tag-farine-bio","9":"first","10":"instock","11":"taxable","12":"shipping-taxable","13":"purchasable","14":"product-type-simple"},"_links":{"self":[{"href":"https:\/\/www.pocapots.es\/ca\/wp-json\/wp\/v2\/product\/6557","targetHints":{"allow":["GET"]}}],"collection":[{"href":"https:\/\/www.pocapots.es\/ca\/wp-json\/wp\/v2\/product"}],"about":[{"href":"https:\/\/www.pocapots.es\/ca\/wp-json\/wp\/v2\/types\/product"}],"wp:featuredmedia":[{"embeddable":true,"href":"https:\/\/www.pocapots.es\/ca\/wp-json\/wp\/v2\/media\/1172"}],"wp:attachment":[{"href":"https:\/\/www.pocapots.es\/ca\/wp-json\/wp\/v2\/media?parent=6557"}],"wp:term":[{"taxonomy":"product_brand","embeddable":true,"href":"https:\/\/www.pocapots.es\/ca\/wp-json\/wp\/v2\/product_brand?post=6557"},{"taxonomy":"product_cat","embeddable":true,"href":"https:\/\/www.pocapots.es\/ca\/wp-json\/wp\/v2\/product_cat?post=6557"},{"taxonomy":"product_tag","embeddable":true,"href":"https:\/\/www.pocapots.es\/ca\/wp-json\/wp\/v2\/product_tag?post=6557"}],"curies":[{"name":"wp","href":"https:\/\/api.w.org\/{rel}","templated":true}]}}