{"id":6552,"date":"2025-04-01T17:03:17","date_gmt":"2025-04-01T15:03:17","guid":{"rendered":"https:\/\/www.pocapots.es\/?post_type=product&#038;p=6552"},"modified":"2026-04-21T01:14:15","modified_gmt":"2026-04-20T23:14:15","slug":"mini-crumble-de-poma-i-gerds","status":"publish","type":"product","link":"https:\/\/www.pocapots.es\/ca\/produit\/mini-crumble-pommes-framboises\/","title":{"rendered":"Mini crumble de poma i gerds"},"content":{"rendered":"<h2 class=\"wp-block-heading\">Composition<\/h2>\n\n\n\n<ul class=\"wp-block-list\">\n<li>Pomes que es fonen, gerds \u00e0cids, crumble cruixent... \u00c9s cruixent, es fon, \u00e9s delici\u00f3s.<\/li>\n<\/ul>\n\n\n\n<h2 class=\"wp-block-heading\">Consell de maridatge<\/h2>\n\n\n\n<p>Perfecte per tancar un \u00e0pat. Acompanya amb un vi dol\u00e7 (Sauternes, Banyuls) o un cava semi-sec ben fred. Opcionalment, caf\u00e8 o te negre per un acompanyament cl\u00e0ssic i net.<\/p>\n\n\n\n<h2 class=\"wp-block-heading\">Lliurament &#038; elaboraci\u00f3<\/h2>\n\n\n\n<p>Fabricat el mateix dia a les nostres cuines. <strong>Lliurament gratu\u00eft a Barcelona des de 60 \u20ac IVA excl.<\/strong> Per comandes &gt; 6 unitats, preveu <strong>48 h d\u2019antelaci\u00f3<\/strong>.<\/p>\n\n\n\n<p><em>Al\u00b7l\u00e8rgens: gluten, lactosa<\/em><\/p>","protected":false},"excerpt":{"rendered":"<p>Pomes que es fonen, gerds \u00e0cids, crumble cruixent... \u00c9s cruixent, es fon, \u00e9s delici\u00f3s.<br \/>\nAl\u00b7l\u00e8rgens: gluten, lactosa<\/p>","protected":false},"featured_media":2105,"template":"","meta":{"rank_math_title":"Mini Crumble pommes framboises \u00e0 Barcelone | Poc a Pots","rank_math_description":"Pommes fondantes, framboises acidul\u00e9es, crumble croustillant\u2026 \u00c7a croustille, \u00e7a fond, \u00e7a r\u00e9gale. Livraison offerte \u00e0 Barcelone d\u00e8s 60 \u20ac HT. Commandez en ligne.","rank_math_focus_keyword":"mini crumble pommes framboises","rank_math_robots":null,"rank_math_canonical_url":"","rank_math_facebook_title":"","rank_math_facebook_description":"","_joinchat":[]},"product_brand":[],"product_cat":[69],"product_tag":[254,159],"class_list":{"0":"post-6552","1":"product","2":"type-product","3":"status-publish","4":"has-post-thumbnail","6":"product_cat-plateaux-pour-buffet-sucres","7":"product_tag-farine-bio","8":"product_tag-fruits","10":"first","11":"instock","12":"taxable","13":"shipping-taxable","14":"purchasable","15":"product-type-simple"},"_links":{"self":[{"href":"https:\/\/www.pocapots.es\/ca\/wp-json\/wp\/v2\/product\/6552","targetHints":{"allow":["GET"]}}],"collection":[{"href":"https:\/\/www.pocapots.es\/ca\/wp-json\/wp\/v2\/product"}],"about":[{"href":"https:\/\/www.pocapots.es\/ca\/wp-json\/wp\/v2\/types\/product"}],"wp:featuredmedia":[{"embeddable":true,"href":"https:\/\/www.pocapots.es\/ca\/wp-json\/wp\/v2\/media\/2105"}],"wp:attachment":[{"href":"https:\/\/www.pocapots.es\/ca\/wp-json\/wp\/v2\/media?parent=6552"}],"wp:term":[{"taxonomy":"product_brand","embeddable":true,"href":"https:\/\/www.pocapots.es\/ca\/wp-json\/wp\/v2\/product_brand?post=6552"},{"taxonomy":"product_cat","embeddable":true,"href":"https:\/\/www.pocapots.es\/ca\/wp-json\/wp\/v2\/product_cat?post=6552"},{"taxonomy":"product_tag","embeddable":true,"href":"https:\/\/www.pocapots.es\/ca\/wp-json\/wp\/v2\/product_tag?post=6552"}],"curies":[{"name":"wp","href":"https:\/\/api.w.org\/{rel}","templated":true}]}}