{"id":6551,"date":"2025-04-01T17:03:17","date_gmt":"2025-04-01T15:03:17","guid":{"rendered":"https:\/\/www.pocapots.es\/?post_type=product&#038;p=6551"},"modified":"2026-04-21T01:14:18","modified_gmt":"2026-04-20T23:14:18","slug":"brioix-salat-tomaquet-pernil-i-formatge","status":"publish","type":"product","link":"https:\/\/www.pocapots.es\/ca\/produit\/brioche-salee-tomate-jambon-fromage\/","title":{"rendered":"Formatge salat de pernil de tom\u00e0quet brioix"},"content":{"rendered":"<h2 class=\"wp-block-heading\">Composition<\/h2>\n\n\n\n<ul class=\"wp-block-list\">\n<li>Tom\u00e0quet suc\u00f3s, pernil dol\u00e7 sabor\u00f3s, formatge fos... El brioix sabor\u00f3s amb qu\u00e8 tothom hi est\u00e0 d&#039;acord.<\/li>\n<\/ul>\n\n\n\n<h2 class=\"wp-block-heading\">Consell de maridatge<\/h2>\n\n\n\n<p>\u00c0 servir ti\u00e8de, en ap\u00e9ritif ou pour accompagner un buffet. Accord avec un cava brut catalan, un Xarel\u00b7lo ou un vin blanc sec de Pened\u00e8s. Un cidre brut normand fonctionne aussi, notamment avec les brioches aux fromages forts.<\/p>\n\n\n\n<h2 class=\"wp-block-heading\">Lliurament &#038; elaboraci\u00f3<\/h2>\n\n\n\n<p>Fabricat el mateix dia a les nostres cuines. <strong>Lliurament gratu\u00eft a Barcelona des de 60 \u20ac IVA excl.<\/strong> Per comandes &gt; 6 unitats, preveu <strong>48 h d\u2019antelaci\u00f3<\/strong>.<\/p>\n\n\n\n<p><em>Al\u00b7l\u00e8rgens: gluten, lactosa<\/em><\/p>","protected":false},"excerpt":{"rendered":"<p>Tom\u00e0quet suc\u00f3s, pernil dol\u00e7 sabor\u00f3s, formatge fos... El brioix sabor\u00f3s amb qu\u00e8 tothom hi est\u00e0 d&#039;acord.<br \/>\nAl\u00b7l\u00e8rgens: gluten, lactosa<\/p>","protected":false},"featured_media":5952,"template":"","meta":{"rank_math_title":"Brioche sal\u00e9e tomate jambon fromage \u00e0 Barcelone | Poc a Pots","rank_math_description":"Tomate juteuse, jambon savoureux, fromage fondant\u2026 La brioche sal\u00e9e qui met tout le monde d\u2019accord. Livraison Barcelone d\u00e8s 60\u20ac.","rank_math_focus_keyword":"brioche sal\u00e9e tomate jambon fromage","rank_math_robots":null,"rank_math_canonical_url":"","rank_math_facebook_title":"","rank_math_facebook_description":"","_joinchat":[]},"product_brand":[],"product_cat":[268],"product_tag":[193],"class_list":{"0":"post-6551","1":"product","2":"type-product","3":"status-publish","4":"has-post-thumbnail","6":"product_cat-brioches-salees","7":"product_tag-brioches","9":"first","10":"instock","11":"taxable","12":"shipping-taxable","13":"purchasable","14":"product-type-simple"},"_links":{"self":[{"href":"https:\/\/www.pocapots.es\/ca\/wp-json\/wp\/v2\/product\/6551","targetHints":{"allow":["GET"]}}],"collection":[{"href":"https:\/\/www.pocapots.es\/ca\/wp-json\/wp\/v2\/product"}],"about":[{"href":"https:\/\/www.pocapots.es\/ca\/wp-json\/wp\/v2\/types\/product"}],"wp:featuredmedia":[{"embeddable":true,"href":"https:\/\/www.pocapots.es\/ca\/wp-json\/wp\/v2\/media\/5952"}],"wp:attachment":[{"href":"https:\/\/www.pocapots.es\/ca\/wp-json\/wp\/v2\/media?parent=6551"}],"wp:term":[{"taxonomy":"product_brand","embeddable":true,"href":"https:\/\/www.pocapots.es\/ca\/wp-json\/wp\/v2\/product_brand?post=6551"},{"taxonomy":"product_cat","embeddable":true,"href":"https:\/\/www.pocapots.es\/ca\/wp-json\/wp\/v2\/product_cat?post=6551"},{"taxonomy":"product_tag","embeddable":true,"href":"https:\/\/www.pocapots.es\/ca\/wp-json\/wp\/v2\/product_tag?post=6551"}],"curies":[{"name":"wp","href":"https:\/\/api.w.org\/{rel}","templated":true}]}}