{"id":6550,"date":"2025-04-01T17:03:17","date_gmt":"2025-04-01T15:03:17","guid":{"rendered":"https:\/\/www.pocapots.es\/?post_type=product&#038;p=6550"},"modified":"2025-04-02T13:13:16","modified_gmt":"2025-04-02T11:13:16","slug":"brioix-de-mozzarella-de-xorico","status":"publish","type":"product","link":"https:\/\/www.pocapots.es\/ca\/produit\/brioche-chorizo-mozzarella\/","title":{"rendered":"Xori\u00e7o Brioix Mozzarella"},"content":{"rendered":"","protected":false},"excerpt":{"rendered":"<p>Xori\u00e7o picant, mozzarella fosa en un brioix suau. Petit per\u00f2 potent.<br \/>\nAl\u00b7l\u00e8rgens: gluten, lactosa<\/p>","protected":false},"featured_media":1958,"template":"","meta":{"_joinchat":[]},"product_brand":[],"product_cat":[268],"product_tag":[193],"class_list":{"0":"post-6550","1":"product","2":"type-product","3":"status-publish","4":"has-post-thumbnail","6":"product_cat-brioches-salees","7":"product_tag-brioches","9":"first","10":"instock","11":"taxable","12":"shipping-taxable","13":"purchasable","14":"product-type-simple"},"_links":{"self":[{"href":"https:\/\/www.pocapots.es\/ca\/wp-json\/wp\/v2\/product\/6550","targetHints":{"allow":["GET"]}}],"collection":[{"href":"https:\/\/www.pocapots.es\/ca\/wp-json\/wp\/v2\/product"}],"about":[{"href":"https:\/\/www.pocapots.es\/ca\/wp-json\/wp\/v2\/types\/product"}],"wp:featuredmedia":[{"embeddable":true,"href":"https:\/\/www.pocapots.es\/ca\/wp-json\/wp\/v2\/media\/1958"}],"wp:attachment":[{"href":"https:\/\/www.pocapots.es\/ca\/wp-json\/wp\/v2\/media?parent=6550"}],"wp:term":[{"taxonomy":"product_brand","embeddable":true,"href":"https:\/\/www.pocapots.es\/ca\/wp-json\/wp\/v2\/product_brand?post=6550"},{"taxonomy":"product_cat","embeddable":true,"href":"https:\/\/www.pocapots.es\/ca\/wp-json\/wp\/v2\/product_cat?post=6550"},{"taxonomy":"product_tag","embeddable":true,"href":"https:\/\/www.pocapots.es\/ca\/wp-json\/wp\/v2\/product_tag?post=6550"}],"curies":[{"name":"wp","href":"https:\/\/api.w.org\/{rel}","templated":true}]}}