{"id":6538,"date":"2025-04-01T17:03:12","date_gmt":"2025-04-01T15:03:12","guid":{"rendered":"https:\/\/www.pocapots.es\/?post_type=product&#038;p=6538"},"modified":"2025-04-02T18:28:00","modified_gmt":"2025-04-02T16:28:00","slug":"mini-quiche-de-carbasso-i-formatge-de-cabra","status":"publish","type":"product","link":"https:\/\/www.pocapots.es\/ca\/produit\/mini-quiche-courgette-chevre\/","title":{"rendered":"Mini quiche de carbass\u00f3 i formatge de cabra"},"content":{"rendered":"","protected":false},"excerpt":{"rendered":"<p>Carbass\u00f3 fos, formatge de cabra crem\u00f3s, pasta daurada... Un mos de confort.<br \/>\nAl\u00b7l\u00e8rgens: gluten, ous, lactosa<\/p>","protected":false},"featured_media":5939,"template":"","meta":{"_joinchat":[]},"product_brand":[],"product_cat":[68],"product_tag":[114],"class_list":{"0":"post-6538","1":"product","2":"type-product","3":"status-publish","4":"has-post-thumbnail","6":"product_cat-plateaux-pour-buffet","7":"product_tag-vegetarien-2","9":"first","10":"instock","11":"taxable","12":"shipping-taxable","13":"purchasable","14":"product-type-simple"},"_links":{"self":[{"href":"https:\/\/www.pocapots.es\/ca\/wp-json\/wp\/v2\/product\/6538","targetHints":{"allow":["GET"]}}],"collection":[{"href":"https:\/\/www.pocapots.es\/ca\/wp-json\/wp\/v2\/product"}],"about":[{"href":"https:\/\/www.pocapots.es\/ca\/wp-json\/wp\/v2\/types\/product"}],"wp:featuredmedia":[{"embeddable":true,"href":"https:\/\/www.pocapots.es\/ca\/wp-json\/wp\/v2\/media\/5939"}],"wp:attachment":[{"href":"https:\/\/www.pocapots.es\/ca\/wp-json\/wp\/v2\/media?parent=6538"}],"wp:term":[{"taxonomy":"product_brand","embeddable":true,"href":"https:\/\/www.pocapots.es\/ca\/wp-json\/wp\/v2\/product_brand?post=6538"},{"taxonomy":"product_cat","embeddable":true,"href":"https:\/\/www.pocapots.es\/ca\/wp-json\/wp\/v2\/product_cat?post=6538"},{"taxonomy":"product_tag","embeddable":true,"href":"https:\/\/www.pocapots.es\/ca\/wp-json\/wp\/v2\/product_tag?post=6538"}],"curies":[{"name":"wp","href":"https:\/\/api.w.org\/{rel}","templated":true}]}}