{"id":6528,"date":"2025-04-01T17:03:11","date_gmt":"2025-04-01T15:03:11","guid":{"rendered":"https:\/\/www.pocapots.es\/?post_type=product&#038;p=6528"},"modified":"2025-04-01T17:03:14","modified_gmt":"2025-04-01T15:03:14","slug":"mini-hamburguesa-de-pernil-i-emmental","status":"publish","type":"product","link":"https:\/\/www.pocapots.es\/ca\/produit\/mini-burger-jambon-emmental\/","title":{"rendered":"Mini hamburguesa de pernil emmental"},"content":{"rendered":"","protected":false},"excerpt":{"rendered":"<p>Pa tou, pernil sabor\u00f3s, formatge Emmental fos... \u00c9s petit, per\u00f2 fa la seva feina.<br \/>\nAl\u00b7l\u00e8rgens: gluten, lactosa, ous<\/p>","protected":false},"featured_media":1206,"template":"","meta":{"_joinchat":[]},"product_brand":[],"product_cat":[68],"product_tag":[131,186,129,165],"class_list":{"0":"post-6528","1":"product","2":"type-product","3":"status-publish","4":"has-post-thumbnail","6":"product_cat-plateaux-pour-buffet","7":"product_tag-buffets","8":"product_tag-burgers","9":"product_tag-cocktail","10":"product_tag-viandes","12":"first","13":"instock","14":"taxable","15":"shipping-taxable","16":"purchasable","17":"product-type-simple"},"_links":{"self":[{"href":"https:\/\/www.pocapots.es\/ca\/wp-json\/wp\/v2\/product\/6528","targetHints":{"allow":["GET"]}}],"collection":[{"href":"https:\/\/www.pocapots.es\/ca\/wp-json\/wp\/v2\/product"}],"about":[{"href":"https:\/\/www.pocapots.es\/ca\/wp-json\/wp\/v2\/types\/product"}],"wp:featuredmedia":[{"embeddable":true,"href":"https:\/\/www.pocapots.es\/ca\/wp-json\/wp\/v2\/media\/1206"}],"wp:attachment":[{"href":"https:\/\/www.pocapots.es\/ca\/wp-json\/wp\/v2\/media?parent=6528"}],"wp:term":[{"taxonomy":"product_brand","embeddable":true,"href":"https:\/\/www.pocapots.es\/ca\/wp-json\/wp\/v2\/product_brand?post=6528"},{"taxonomy":"product_cat","embeddable":true,"href":"https:\/\/www.pocapots.es\/ca\/wp-json\/wp\/v2\/product_cat?post=6528"},{"taxonomy":"product_tag","embeddable":true,"href":"https:\/\/www.pocapots.es\/ca\/wp-json\/wp\/v2\/product_tag?post=6528"}],"curies":[{"name":"wp","href":"https:\/\/api.w.org\/{rel}","templated":true}]}}