{"id":6524,"date":"2025-04-01T17:03:11","date_gmt":"2025-04-01T15:03:11","guid":{"rendered":"https:\/\/www.pocapots.es\/?post_type=product&#038;p=6524"},"modified":"2026-04-21T01:15:36","modified_gmt":"2026-04-20T23:15:36","slug":"mini-quiche-de-verdures","status":"publish","type":"product","link":"https:\/\/www.pocapots.es\/ca\/produit\/mini-quiche-legumes\/","title":{"rendered":"Mini quiche de verdures"},"content":{"rendered":"<h2 class=\"wp-block-heading\">Composition<\/h2>\n\n\n\n<ul class=\"wp-block-list\">\n<li>Verdures del mercat, pasta daurada, crema que es fon... \u00c9s clarament casol\u00e0.<\/li>\n<\/ul>\n\n\n\n<h2 class=\"wp-block-heading\">Consell de maridatge<\/h2>\n\n\n\n<p>Pe\u00e7a de c\u00f2ctel ideal per a aperitiu o buffet de sopar. Acompanya amb un cava brut, un vi blanc sec (Xarel\u00b7lo, Macabeu) o un negre lleuger ben fred. Servir fred, acabat de treure del frigor\u00edfic.<\/p>\n\n\n\n<h2 class=\"wp-block-heading\">Lliurament &#038; elaboraci\u00f3<\/h2>\n\n\n\n<p>Fabricat el mateix dia a les nostres cuines. <strong>Lliurament gratu\u00eft a Barcelona des de 60 \u20ac IVA excl.<\/strong> Per comandes &gt; 6 unitats, preveu <strong>48 h d\u2019antelaci\u00f3<\/strong>.<\/p>\n\n\n\n<p><em>Al\u00b7l\u00e8rgens: gluten, ous, lactosa<\/em><\/p>","protected":false},"excerpt":{"rendered":"<p>Verdures del mercat, pasta daurada, crema que es fon... \u00c9s clarament casol\u00e0.<br \/>\nAl\u00b7l\u00e8rgens: gluten, ous, lactosa<\/p>","protected":false},"featured_media":5939,"template":"","meta":{"rank_math_title":"Mini Quiche l\u00e9gumes \u00e0 Barcelone | Poc a Pots","rank_math_description":"Des l\u00e9gumes du march\u00e9, une p\u00e2te dor\u00e9e, une cr\u00e8me fondante\u2026 On est clairement dans le fait-maison. Livraison offerte \u00e0 Barcelone d\u00e8s 60 \u20ac HT. Commandez en ligne.","rank_math_focus_keyword":"mini quiche l\u00e9gumes","rank_math_robots":null,"rank_math_canonical_url":"","rank_math_facebook_title":"","rank_math_facebook_description":"","_joinchat":[]},"product_brand":[],"product_cat":[68],"product_tag":[114],"class_list":{"0":"post-6524","1":"product","2":"type-product","3":"status-publish","4":"has-post-thumbnail","6":"product_cat-plateaux-pour-buffet","7":"product_tag-vegetarien-2","9":"first","10":"instock","11":"taxable","12":"shipping-taxable","13":"purchasable","14":"product-type-simple"},"_links":{"self":[{"href":"https:\/\/www.pocapots.es\/ca\/wp-json\/wp\/v2\/product\/6524","targetHints":{"allow":["GET"]}}],"collection":[{"href":"https:\/\/www.pocapots.es\/ca\/wp-json\/wp\/v2\/product"}],"about":[{"href":"https:\/\/www.pocapots.es\/ca\/wp-json\/wp\/v2\/types\/product"}],"wp:featuredmedia":[{"embeddable":true,"href":"https:\/\/www.pocapots.es\/ca\/wp-json\/wp\/v2\/media\/5939"}],"wp:attachment":[{"href":"https:\/\/www.pocapots.es\/ca\/wp-json\/wp\/v2\/media?parent=6524"}],"wp:term":[{"taxonomy":"product_brand","embeddable":true,"href":"https:\/\/www.pocapots.es\/ca\/wp-json\/wp\/v2\/product_brand?post=6524"},{"taxonomy":"product_cat","embeddable":true,"href":"https:\/\/www.pocapots.es\/ca\/wp-json\/wp\/v2\/product_cat?post=6524"},{"taxonomy":"product_tag","embeddable":true,"href":"https:\/\/www.pocapots.es\/ca\/wp-json\/wp\/v2\/product_tag?post=6524"}],"curies":[{"name":"wp","href":"https:\/\/api.w.org\/{rel}","templated":true}]}}