{"id":6519,"date":"2025-04-01T17:03:06","date_gmt":"2025-04-01T15:03:06","guid":{"rendered":"https:\/\/www.pocapots.es\/?post_type=product&#038;p=6519"},"modified":"2025-04-03T15:26:29","modified_gmt":"2025-04-03T13:26:29","slug":"verrina-tsatsiki","status":"publish","type":"product","link":"https:\/\/www.pocapots.es\/ca\/produit\/verrine-de-tsatsiki\/","title":{"rendered":"Verrina Tsatsiki"},"content":{"rendered":"","protected":false},"excerpt":{"rendered":"<p>Cogombre, iogurt, all i anet... Gr\u00e8cia en un got petit. No tinguis enveja si els teus ve\u00efns en demanen m\u00e9s.<br \/>\nAl\u00b7l\u00e8rgens: lactosa, ceba<\/p>","protected":false},"featured_media":6721,"template":"","meta":{"_joinchat":[]},"product_brand":[],"product_cat":[68],"product_tag":[114],"class_list":{"0":"post-6519","1":"product","2":"type-product","3":"status-publish","4":"has-post-thumbnail","6":"product_cat-plateaux-pour-buffet","7":"product_tag-vegetarien-2","9":"first","10":"instock","11":"taxable","12":"shipping-taxable","13":"purchasable","14":"product-type-simple"},"_links":{"self":[{"href":"https:\/\/www.pocapots.es\/ca\/wp-json\/wp\/v2\/product\/6519","targetHints":{"allow":["GET"]}}],"collection":[{"href":"https:\/\/www.pocapots.es\/ca\/wp-json\/wp\/v2\/product"}],"about":[{"href":"https:\/\/www.pocapots.es\/ca\/wp-json\/wp\/v2\/types\/product"}],"wp:featuredmedia":[{"embeddable":true,"href":"https:\/\/www.pocapots.es\/ca\/wp-json\/wp\/v2\/media\/6721"}],"wp:attachment":[{"href":"https:\/\/www.pocapots.es\/ca\/wp-json\/wp\/v2\/media?parent=6519"}],"wp:term":[{"taxonomy":"product_brand","embeddable":true,"href":"https:\/\/www.pocapots.es\/ca\/wp-json\/wp\/v2\/product_brand?post=6519"},{"taxonomy":"product_cat","embeddable":true,"href":"https:\/\/www.pocapots.es\/ca\/wp-json\/wp\/v2\/product_cat?post=6519"},{"taxonomy":"product_tag","embeddable":true,"href":"https:\/\/www.pocapots.es\/ca\/wp-json\/wp\/v2\/product_tag?post=6519"}],"curies":[{"name":"wp","href":"https:\/\/api.w.org\/{rel}","templated":true}]}}