{"id":6517,"date":"2025-04-01T17:03:06","date_gmt":"2025-04-01T15:03:06","guid":{"rendered":"https:\/\/www.pocapots.es\/?post_type=product&#038;p=6517"},"modified":"2026-04-21T01:15:58","modified_gmt":"2026-04-20T23:15:58","slug":"verrina-dhummus-i-verdures-crues","status":"publish","type":"product","link":"https:\/\/www.pocapots.es\/ca\/produit\/verrine-de-humus-et-crudites\/","title":{"rendered":"Verrina d&#039;hummus i verdures crues"},"content":{"rendered":"<h2 class=\"wp-block-heading\">Composition<\/h2>\n\n\n\n<ul class=\"wp-block-list\">\n<li>Cr\u00e9meux, parfum\u00e9, et accompagn\u00e9 de b\u00e2tonnets de l\u00e9gumes croquants<\/li>\n<li>Une bouch\u00e9e healthy (jusqu\u2019au dessert).<\/li>\n<\/ul>\n\n\n\n<h2 class=\"wp-block-heading\">Consell de maridatge<\/h2>\n\n\n\n<p>Pe\u00e7a de c\u00f2ctel ideal per a aperitiu o buffet de sopar. Acompanya amb un cava brut, un vi blanc sec (Xarel\u00b7lo, Macabeu) o un negre lleuger ben fred. Servir fred, acabat de treure del frigor\u00edfic.<\/p>\n\n\n\n<h2 class=\"wp-block-heading\">Lliurament &#038; elaboraci\u00f3<\/h2>\n\n\n\n<p>Fabricat el mateix dia a les nostres cuines. <strong>Lliurament gratu\u00eft a Barcelona des de 60 \u20ac IVA excl.<\/strong> Per comandes &gt; 6 unitats, preveu <strong>48 h d\u2019antelaci\u00f3<\/strong>.<\/p>\n\n\n\n<p><em>Al\u00b7l\u00e8rgens: s\u00e8sam<\/em><\/p>","protected":false},"excerpt":{"rendered":"<p>Cremos, fragant i servit amb bastonets de verdures cruixents. Un berenar saludable (fins a les postres).<br \/>\nAl\u00b7l\u00e8rgens: s\u00e8sam<\/p>","protected":false},"featured_media":5948,"template":"","meta":{"rank_math_title":"Verrine de Humus et crudit\u00e9s \u00e0 Barcelone | Poc a Pots","rank_math_description":"Cr\u00e9meux, parfum\u00e9, et accompagn\u00e9 de b\u00e2tonnets de l\u00e9gumes croquants. Une bouch\u00e9e healthy (jusqu\u2019au \u2026 Livraison Barcelone d\u00e8s 60\u20ac.","rank_math_focus_keyword":"verrine de humus et crudit\u00e9s","rank_math_robots":null,"rank_math_canonical_url":"","rank_math_facebook_title":"","rank_math_facebook_description":"","_joinchat":[]},"product_brand":[],"product_cat":[68],"product_tag":[115],"class_list":{"0":"post-6517","1":"product","2":"type-product","3":"status-publish","4":"has-post-thumbnail","6":"product_cat-plateaux-pour-buffet","7":"product_tag-vegan","9":"first","10":"instock","11":"taxable","12":"shipping-taxable","13":"purchasable","14":"product-type-simple"},"_links":{"self":[{"href":"https:\/\/www.pocapots.es\/ca\/wp-json\/wp\/v2\/product\/6517","targetHints":{"allow":["GET"]}}],"collection":[{"href":"https:\/\/www.pocapots.es\/ca\/wp-json\/wp\/v2\/product"}],"about":[{"href":"https:\/\/www.pocapots.es\/ca\/wp-json\/wp\/v2\/types\/product"}],"wp:featuredmedia":[{"embeddable":true,"href":"https:\/\/www.pocapots.es\/ca\/wp-json\/wp\/v2\/media\/5948"}],"wp:attachment":[{"href":"https:\/\/www.pocapots.es\/ca\/wp-json\/wp\/v2\/media?parent=6517"}],"wp:term":[{"taxonomy":"product_brand","embeddable":true,"href":"https:\/\/www.pocapots.es\/ca\/wp-json\/wp\/v2\/product_brand?post=6517"},{"taxonomy":"product_cat","embeddable":true,"href":"https:\/\/www.pocapots.es\/ca\/wp-json\/wp\/v2\/product_cat?post=6517"},{"taxonomy":"product_tag","embeddable":true,"href":"https:\/\/www.pocapots.es\/ca\/wp-json\/wp\/v2\/product_tag?post=6517"}],"curies":[{"name":"wp","href":"https:\/\/api.w.org\/{rel}","templated":true}]}}