{"id":6513,"date":"2025-04-01T17:03:06","date_gmt":"2025-04-01T15:03:06","guid":{"rendered":"https:\/\/www.pocapots.es\/?post_type=product&#038;p=6513"},"modified":"2026-04-21T01:16:12","modified_gmt":"2026-04-20T23:16:12","slug":"torrades-de-roquefort-i-fruita-seca","status":"publish","type":"product","link":"https:\/\/www.pocapots.es\/ca\/produit\/tartines-de-roquefort-et-fruits-secs\/","title":{"rendered":"Torrada de roquefort i fruita seca"},"content":{"rendered":"<h2 class=\"wp-block-heading\">Composition<\/h2>\n\n\n\n<ul class=\"wp-block-list\">\n<li>Le cr\u00e9meux du Roquefort rencontre le croquant des fruits secs<\/li>\n<li>Une bouch\u00e9e pleine de caract\u00e8re.<\/li>\n<\/ul>\n\n\n\n<h2 class=\"wp-block-heading\">Conseil d\u2019accord<\/h2>\n\n\n\n<p>Pi\u00e8ce cocktail id\u00e9ale pour ap\u00e9ritif ou buffet d\u00eenatoire. Accord avec un cava brut, un vin blanc sec (Xarel\u00b7lo, Macabeu) ou un rouge l\u00e9ger bien frais. Servir froid, juste sorti du frais.<\/p>\n\n\n\n<h2 class=\"wp-block-heading\">Livraison &#038; fabrication<\/h2>\n\n\n\n<p>Fabriqu\u00e9 le jour m\u00eame dans nos cuisines. <strong>Livraison offerte \u00e0 Barcelone d\u00e8s 60 \u20ac HT.<\/strong> Pour les commandes &gt; 6 unit\u00e9s, pr\u00e9voir <strong>48 h \u00e0 l\u2019avance<\/strong>.<\/p>\n\n\n\n<p><em>Al\u00b7l\u00e8rgens: gluten, fruits secs, lactosa<\/em><\/p>","protected":false},"excerpt":{"rendered":"<p>La cremositat del Roquefort es troba amb la textura cruixent de la fruita seca. Un mos ple de car\u00e0cter.<br \/>\nAl\u00b7l\u00e8rgens: gluten, fruits secs, lactosa<\/p>","protected":false},"featured_media":821,"template":"","meta":{"rank_math_title":"Tartines de Roquefort et fruits secs \u00e0 Barcelone | Poc a Pots","rank_math_description":"Le cr\u00e9meux du Roquefort rencontre le croquant des fruits secs. Une bouch\u00e9e pleine de caract\u00e8re. Livraison offerte \u00e0 Barcelone d\u00e8s 60 \u20ac HT. Commandez en ligne.","rank_math_focus_keyword":"tartines de roquefort et fruits secs","rank_math_robots":null,"rank_math_canonical_url":"","rank_math_facebook_title":"","rank_math_facebook_description":"","_joinchat":[]},"product_brand":[],"product_cat":[68],"product_tag":[131,174,175],"class_list":{"0":"post-6513","1":"product","2":"type-product","3":"status-publish","4":"has-post-thumbnail","6":"product_cat-plateaux-pour-buffet","7":"product_tag-buffets","8":"product_tag-fromages","9":"product_tag-pica-pica","11":"first","12":"instock","13":"taxable","14":"shipping-taxable","15":"purchasable","16":"product-type-simple"},"_links":{"self":[{"href":"https:\/\/www.pocapots.es\/ca\/wp-json\/wp\/v2\/product\/6513","targetHints":{"allow":["GET"]}}],"collection":[{"href":"https:\/\/www.pocapots.es\/ca\/wp-json\/wp\/v2\/product"}],"about":[{"href":"https:\/\/www.pocapots.es\/ca\/wp-json\/wp\/v2\/types\/product"}],"wp:featuredmedia":[{"embeddable":true,"href":"https:\/\/www.pocapots.es\/ca\/wp-json\/wp\/v2\/media\/821"}],"wp:attachment":[{"href":"https:\/\/www.pocapots.es\/ca\/wp-json\/wp\/v2\/media?parent=6513"}],"wp:term":[{"taxonomy":"product_brand","embeddable":true,"href":"https:\/\/www.pocapots.es\/ca\/wp-json\/wp\/v2\/product_brand?post=6513"},{"taxonomy":"product_cat","embeddable":true,"href":"https:\/\/www.pocapots.es\/ca\/wp-json\/wp\/v2\/product_cat?post=6513"},{"taxonomy":"product_tag","embeddable":true,"href":"https:\/\/www.pocapots.es\/ca\/wp-json\/wp\/v2\/product_tag?post=6513"}],"curies":[{"name":"wp","href":"https:\/\/api.w.org\/{rel}","templated":true}]}}