{"id":6501,"date":"2025-04-01T17:03:05","date_gmt":"2025-04-01T15:03:05","guid":{"rendered":"https:\/\/www.pocapots.es\/?post_type=product&#038;p=6501"},"modified":"2026-04-21T01:16:47","modified_gmt":"2026-04-20T23:16:47","slug":"amanida-de-patata","status":"publish","type":"product","link":"https:\/\/www.pocapots.es\/ca\/produit\/salade-de-pomme-de-terre\/","title":{"rendered":"Amanida de patata"},"content":{"rendered":"<h2 class=\"wp-block-heading\">Composition<\/h2>\n\n\n\n<ul class=\"wp-block-list\">\n<li>Simple, efica\u00e7, reconfortant.<\/li>\n<\/ul>\n\n\n\n<h2 class=\"wp-block-heading\">Consell de maridatge<\/h2>\n\n\n\n<p>Ideal com a entrant o com a acompanyament de buffet. Marida amb un vi blanc sec catal\u00e0 (Xarel\u00b7lo, Macabeu) o un rosat de la Proven\u00e7a ben fred.<\/p>\n\n\n\n<h2 class=\"wp-block-heading\">Lliurament &#038; elaboraci\u00f3<\/h2>\n\n\n\n<p>Fabricat el mateix dia a les nostres cuines. <strong>Lliurament gratu\u00eft a Barcelona des de 60 \u20ac IVA excl.<\/strong> Per comandes &gt; 6 unitats, preveu <strong>48 h d\u2019antelaci\u00f3<\/strong>.<\/p>\n\n\n\n<p><em>Al\u00b7l\u00e8rgens: mostassa<\/em><\/p>","protected":false},"excerpt":{"rendered":"<p>Simple, efica\u00e7, reconfortant.<br \/>\nAl\u00b7l\u00e8rgens: mostassa<\/p>","protected":false},"featured_media":1188,"template":"","meta":{"rank_math_title":"Salade de Pomme de Terre \u00e0 Barcelone | Poc a Pots","rank_math_description":"Simple, efficace, r\u00e9confortante. Livraison offerte \u00e0 Barcelone d\u00e8s 60 \u20ac. Poc a Pots, traiteur fran\u00e7ais.","rank_math_focus_keyword":"salade de pomme de terre","rank_math_robots":null,"rank_math_canonical_url":"","rank_math_facebook_title":"","rank_math_facebook_description":"","_joinchat":[]},"product_brand":[],"product_cat":[79],"product_tag":[225,115],"class_list":{"0":"post-6501","1":"product","2":"type-product","3":"status-publish","4":"has-post-thumbnail","6":"product_cat-entrees-salades","7":"product_tag-salades","8":"product_tag-vegan","10":"first","11":"instock","12":"taxable","13":"shipping-taxable","14":"purchasable","15":"product-type-simple"},"_links":{"self":[{"href":"https:\/\/www.pocapots.es\/ca\/wp-json\/wp\/v2\/product\/6501","targetHints":{"allow":["GET"]}}],"collection":[{"href":"https:\/\/www.pocapots.es\/ca\/wp-json\/wp\/v2\/product"}],"about":[{"href":"https:\/\/www.pocapots.es\/ca\/wp-json\/wp\/v2\/types\/product"}],"wp:featuredmedia":[{"embeddable":true,"href":"https:\/\/www.pocapots.es\/ca\/wp-json\/wp\/v2\/media\/1188"}],"wp:attachment":[{"href":"https:\/\/www.pocapots.es\/ca\/wp-json\/wp\/v2\/media?parent=6501"}],"wp:term":[{"taxonomy":"product_brand","embeddable":true,"href":"https:\/\/www.pocapots.es\/ca\/wp-json\/wp\/v2\/product_brand?post=6501"},{"taxonomy":"product_cat","embeddable":true,"href":"https:\/\/www.pocapots.es\/ca\/wp-json\/wp\/v2\/product_cat?post=6501"},{"taxonomy":"product_tag","embeddable":true,"href":"https:\/\/www.pocapots.es\/ca\/wp-json\/wp\/v2\/product_tag?post=6501"}],"curies":[{"name":"wp","href":"https:\/\/api.w.org\/{rel}","templated":true}]}}