{"id":6497,"date":"2025-04-01T17:03:04","date_gmt":"2025-04-01T15:03:04","guid":{"rendered":"https:\/\/www.pocapots.es\/?post_type=product&#038;p=6497"},"modified":"2026-04-21T01:17:00","modified_gmt":"2026-04-20T23:17:00","slug":"amanida-cesar","status":"publish","type":"product","link":"https:\/\/www.pocapots.es\/ca\/produit\/salade-cesar\/","title":{"rendered":"Amanida C\u00e9sar"},"content":{"rendered":"<h2 class=\"wp-block-heading\">Composition<\/h2>\n\n\n\n<ul class=\"wp-block-list\">\n<li>Pollastre, parmes\u00e0, crostons\u2026 Tot el que necessites per a una amanida contundent.<\/li>\n<\/ul>\n\n\n\n<h2 class=\"wp-block-heading\">Consell de maridatge<\/h2>\n\n\n\n<p>Ideal com a entrant o com a acompanyament de buffet. Marida amb un vi blanc sec catal\u00e0 (Xarel\u00b7lo, Macabeu) o un rosat de la Proven\u00e7a ben fred.<\/p>\n\n\n\n<h2 class=\"wp-block-heading\">Lliurament &#038; elaboraci\u00f3<\/h2>\n\n\n\n<p>Fabricat el mateix dia a les nostres cuines. <strong>Lliurament gratu\u00eft a Barcelona des de 60 \u20ac IVA excl.<\/strong> Per comandes &gt; 6 unitats, preveu <strong>48 h d\u2019antelaci\u00f3<\/strong>.<\/p>\n\n\n\n<p><em>Al\u00b7l\u00e8rgens: gluten, ous, lactosa, peix<\/em><\/p>","protected":false},"excerpt":{"rendered":"<p>Pollastre, parmes\u00e0, crostons\u2026 Tot el que necessites per a una amanida contundent.<br \/>\nAl\u00b7l\u00e8rgens: gluten, ous, lactosa, peix<\/p>","protected":false},"featured_media":622,"template":"","meta":{"rank_math_title":"Salade C\u00e9sar \u2014 Entr\u00e9es &amp; Salades \u00e0 Barcelone | Poc a Pots","rank_math_description":"Poulet, parmesan, cro\u00fbtons\u2026 Tout ce qu\u2019il faut pour une salade qui cale. Livraison offerte \u00e0 Barcelone d\u00e8s 60 \u20ac HT. Commandez en ligne.","rank_math_focus_keyword":"salade c\u00e9sar","rank_math_robots":null,"rank_math_canonical_url":"","rank_math_facebook_title":"","rank_math_facebook_description":"","_joinchat":[]},"product_brand":[],"product_cat":[79],"product_tag":[225],"class_list":{"0":"post-6497","1":"product","2":"type-product","3":"status-publish","4":"has-post-thumbnail","6":"product_cat-entrees-salades","7":"product_tag-salades","9":"first","10":"instock","11":"taxable","12":"shipping-taxable","13":"purchasable","14":"product-type-simple"},"_links":{"self":[{"href":"https:\/\/www.pocapots.es\/ca\/wp-json\/wp\/v2\/product\/6497","targetHints":{"allow":["GET"]}}],"collection":[{"href":"https:\/\/www.pocapots.es\/ca\/wp-json\/wp\/v2\/product"}],"about":[{"href":"https:\/\/www.pocapots.es\/ca\/wp-json\/wp\/v2\/types\/product"}],"wp:featuredmedia":[{"embeddable":true,"href":"https:\/\/www.pocapots.es\/ca\/wp-json\/wp\/v2\/media\/622"}],"wp:attachment":[{"href":"https:\/\/www.pocapots.es\/ca\/wp-json\/wp\/v2\/media?parent=6497"}],"wp:term":[{"taxonomy":"product_brand","embeddable":true,"href":"https:\/\/www.pocapots.es\/ca\/wp-json\/wp\/v2\/product_brand?post=6497"},{"taxonomy":"product_cat","embeddable":true,"href":"https:\/\/www.pocapots.es\/ca\/wp-json\/wp\/v2\/product_cat?post=6497"},{"taxonomy":"product_tag","embeddable":true,"href":"https:\/\/www.pocapots.es\/ca\/wp-json\/wp\/v2\/product_tag?post=6497"}],"curies":[{"name":"wp","href":"https:\/\/api.w.org\/{rel}","templated":true}]}}