{"id":6491,"date":"2025-04-01T17:03:04","date_gmt":"2025-04-01T15:03:04","guid":{"rendered":"https:\/\/www.pocapots.es\/?post_type=product&#038;p=6491"},"modified":"2025-04-02T19:27:10","modified_gmt":"2025-04-02T17:27:10","slug":"pastis-de-pastanaga-alsaciana","status":"publish","type":"product","link":"https:\/\/www.pocapots.es\/ca\/produit\/gateau-alsacien-a-la-carotte\/","title":{"rendered":"Past\u00eds de pastanaga &quot;alsaciana&quot;."},"content":{"rendered":"","protected":false},"excerpt":{"rendered":"<p>Suau, fragant, amb un toc de canyella... i a m\u00e9s a m\u00e9s verdures (ens donarem la consci\u00e8ncia tranquil\u00b7la).<br \/>\nAl\u00b7l\u00e8rgens: gluten, ous, fruits secs<\/p>","protected":false},"featured_media":978,"template":"","meta":{"_joinchat":[]},"product_brand":[],"product_cat":[80],"product_tag":[255,254,159],"class_list":{"0":"post-6491","1":"product","2":"type-product","3":"status-publish","4":"has-post-thumbnail","6":"product_cat-desserts","7":"product_tag-dessert","8":"product_tag-farine-bio","9":"product_tag-fruits","11":"first","12":"instock","13":"taxable","14":"shipping-taxable","15":"purchasable","16":"product-type-simple"},"_links":{"self":[{"href":"https:\/\/www.pocapots.es\/ca\/wp-json\/wp\/v2\/product\/6491","targetHints":{"allow":["GET"]}}],"collection":[{"href":"https:\/\/www.pocapots.es\/ca\/wp-json\/wp\/v2\/product"}],"about":[{"href":"https:\/\/www.pocapots.es\/ca\/wp-json\/wp\/v2\/types\/product"}],"wp:featuredmedia":[{"embeddable":true,"href":"https:\/\/www.pocapots.es\/ca\/wp-json\/wp\/v2\/media\/978"}],"wp:attachment":[{"href":"https:\/\/www.pocapots.es\/ca\/wp-json\/wp\/v2\/media?parent=6491"}],"wp:term":[{"taxonomy":"product_brand","embeddable":true,"href":"https:\/\/www.pocapots.es\/ca\/wp-json\/wp\/v2\/product_brand?post=6491"},{"taxonomy":"product_cat","embeddable":true,"href":"https:\/\/www.pocapots.es\/ca\/wp-json\/wp\/v2\/product_cat?post=6491"},{"taxonomy":"product_tag","embeddable":true,"href":"https:\/\/www.pocapots.es\/ca\/wp-json\/wp\/v2\/product_tag?post=6491"}],"curies":[{"name":"wp","href":"https:\/\/api.w.org\/{rel}","templated":true}]}}