{"id":6486,"date":"2025-04-01T17:02:58","date_gmt":"2025-04-01T15:02:58","guid":{"rendered":"https:\/\/www.pocapots.es\/?post_type=product&#038;p=6486"},"modified":"2026-04-21T01:17:32","modified_gmt":"2026-04-20T23:17:32","slug":"pastis-dametlles-amb-fruits-vermells","status":"publish","type":"product","link":"https:\/\/www.pocapots.es\/ca\/produit\/tarte-fruits-rouges-amandine\/","title":{"rendered":"Tarta d&#039;ametlla de fruits vermells"},"content":{"rendered":"<h2 class=\"wp-block-heading\">Composition<\/h2>\n\n\n\n<ul class=\"wp-block-list\">\n<li>El cruixent de la pasta, la dol\u00e7or de l'ametlla, el 'pep' dels fruits vermells\u2026 Un postre equilibrat (o gaireb\u00e9).<\/li>\n<\/ul>\n\n\n\n<h2 class=\"wp-block-heading\">Consell de maridatge<\/h2>\n\n\n\n<p>Perfecte per tancar un \u00e0pat. Acompanya amb un vi dol\u00e7 (Sauternes, Banyuls) o un cava semi-sec ben fred. Opcionalment, caf\u00e8 o te negre per un acompanyament cl\u00e0ssic i net.<\/p>\n\n\n\n<h2 class=\"wp-block-heading\">Lliurament &#038; elaboraci\u00f3<\/h2>\n\n\n\n<p>Fabricat el mateix dia a les nostres cuines. <strong>Lliurament gratu\u00eft a Barcelona des de 60 \u20ac IVA excl.<\/strong> Per comandes &gt; 6 unitats, preveu <strong>48 h d\u2019antelaci\u00f3<\/strong>.<\/p>\n\n\n\n<p><em>Al\u00b7l\u00e8rgens: gluten, fruits secs, lactosa, ous\nPer a 6 persones<\/em><\/p>","protected":false},"excerpt":{"rendered":"<p>El cruixent de la pasta, la dol\u00e7or de les ametlles, la vivacitat dels fruits vermells... Un postre equilibrat (o gaireb\u00e9).<br \/>\nAl\u00b7l\u00e8rgens: gluten, fruits secs, lactosa, ous<\/p>\n<p>Per a 6 persones<\/p>","protected":false},"featured_media":975,"template":"","meta":{"rank_math_title":"Tarte fruits rouges amandine \u2014 Desserts \u00e0 Barcelone | Poc a Pots","rank_math_description":"Le croquant de la p\u00e2te, la douceur de l\u2019amande, le pep\u2019s des fruits rouges\u2026 Un dessert \u00e9quilibr\u00e9 \u2026 Livraison Barcelone d\u00e8s 60\u20ac.","rank_math_focus_keyword":"tarte fruits rouges amandine","rank_math_robots":null,"rank_math_canonical_url":"","rank_math_facebook_title":"","rank_math_facebook_description":"","_joinchat":[]},"product_brand":[],"product_cat":[80],"product_tag":[255,254,159],"class_list":{"0":"post-6486","1":"product","2":"type-product","3":"status-publish","4":"has-post-thumbnail","6":"product_cat-desserts","7":"product_tag-dessert","8":"product_tag-farine-bio","9":"product_tag-fruits","11":"first","12":"instock","13":"taxable","14":"shipping-taxable","15":"purchasable","16":"product-type-simple"},"_links":{"self":[{"href":"https:\/\/www.pocapots.es\/ca\/wp-json\/wp\/v2\/product\/6486","targetHints":{"allow":["GET"]}}],"collection":[{"href":"https:\/\/www.pocapots.es\/ca\/wp-json\/wp\/v2\/product"}],"about":[{"href":"https:\/\/www.pocapots.es\/ca\/wp-json\/wp\/v2\/types\/product"}],"wp:featuredmedia":[{"embeddable":true,"href":"https:\/\/www.pocapots.es\/ca\/wp-json\/wp\/v2\/media\/975"}],"wp:attachment":[{"href":"https:\/\/www.pocapots.es\/ca\/wp-json\/wp\/v2\/media?parent=6486"}],"wp:term":[{"taxonomy":"product_brand","embeddable":true,"href":"https:\/\/www.pocapots.es\/ca\/wp-json\/wp\/v2\/product_brand?post=6486"},{"taxonomy":"product_cat","embeddable":true,"href":"https:\/\/www.pocapots.es\/ca\/wp-json\/wp\/v2\/product_cat?post=6486"},{"taxonomy":"product_tag","embeddable":true,"href":"https:\/\/www.pocapots.es\/ca\/wp-json\/wp\/v2\/product_tag?post=6486"}],"curies":[{"name":"wp","href":"https:\/\/api.w.org\/{rel}","templated":true}]}}