{"id":6479,"date":"2025-04-01T17:02:57","date_gmt":"2025-04-01T15:02:57","guid":{"rendered":"https:\/\/www.pocapots.es\/?post_type=product&#038;p=6479"},"modified":"2026-04-21T01:17:54","modified_gmt":"2026-04-20T23:17:54","slug":"cafe-tiramisu","status":"publish","type":"product","link":"https:\/\/www.pocapots.es\/ca\/produit\/tiramisu-cafe\/","title":{"rendered":"Caf\u00e8 tiramis\u00fa"},"content":{"rendered":"<h2 class=\"wp-block-heading\">Composition<\/h2>\n\n\n\n<ul class=\"wp-block-list\">\n<li>Crema lleugera de mascarpone, galeta xopa de caf\u00e8... La dolce vita en un got.<\/li>\n<\/ul>\n\n\n\n<h2 class=\"wp-block-heading\">Consell de maridatge<\/h2>\n\n\n\n<p>Perfecte per tancar un \u00e0pat. Acompanya amb un vi dol\u00e7 (Sauternes, Banyuls) o un cava semi-sec ben fred. Opcionalment, caf\u00e8 o te negre per un acompanyament cl\u00e0ssic i net.<\/p>\n\n\n\n<h2 class=\"wp-block-heading\">Lliurament &#038; elaboraci\u00f3<\/h2>\n\n\n\n<p>Fabricat el mateix dia a les nostres cuines. <strong>Lliurament gratu\u00eft a Barcelona des de 60 \u20ac IVA excl.<\/strong> Per comandes &gt; 6 unitats, preveu <strong>48 h d\u2019antelaci\u00f3<\/strong>.<\/p>\n\n\n\n<p><em>Allerg\u00e8nes : gluten, \u0153ufs, lactose\nPour 6 personnes<\/em><\/p>","protected":false},"excerpt":{"rendered":"<p>Crema lleugera de mascarpone, galeta xopa de caf\u00e8... La dolce vita en un got.<br \/>\nAl\u00b7l\u00e8rgens: gluten, ous, lactosa<\/p>\n<p>Per a 6 persones<\/p>","protected":false},"featured_media":841,"template":"","meta":{"rank_math_title":"Tiramisu caf\u00e9 \u2014 Desserts \u00e0 Barcelone | Poc a Pots","rank_math_description":"Cr\u00e8me mascarpone a\u00e9rienne, biscuit imbib\u00e9 de caf\u00e9\u2026 La dolce vita en verrine. Livraison offerte \u00e0 Barcelone d\u00e8s 60 \u20ac HT. Commandez en ligne.","rank_math_focus_keyword":"tiramisu caf\u00e9","rank_math_robots":null,"rank_math_canonical_url":"","rank_math_facebook_title":"","rank_math_facebook_description":"","_joinchat":[]},"product_brand":[],"product_cat":[80],"product_tag":[255],"class_list":{"0":"post-6479","1":"product","2":"type-product","3":"status-publish","4":"has-post-thumbnail","6":"product_cat-desserts","7":"product_tag-dessert","9":"first","10":"instock","11":"taxable","12":"shipping-taxable","13":"purchasable","14":"product-type-simple"},"_links":{"self":[{"href":"https:\/\/www.pocapots.es\/ca\/wp-json\/wp\/v2\/product\/6479","targetHints":{"allow":["GET"]}}],"collection":[{"href":"https:\/\/www.pocapots.es\/ca\/wp-json\/wp\/v2\/product"}],"about":[{"href":"https:\/\/www.pocapots.es\/ca\/wp-json\/wp\/v2\/types\/product"}],"wp:featuredmedia":[{"embeddable":true,"href":"https:\/\/www.pocapots.es\/ca\/wp-json\/wp\/v2\/media\/841"}],"wp:attachment":[{"href":"https:\/\/www.pocapots.es\/ca\/wp-json\/wp\/v2\/media?parent=6479"}],"wp:term":[{"taxonomy":"product_brand","embeddable":true,"href":"https:\/\/www.pocapots.es\/ca\/wp-json\/wp\/v2\/product_brand?post=6479"},{"taxonomy":"product_cat","embeddable":true,"href":"https:\/\/www.pocapots.es\/ca\/wp-json\/wp\/v2\/product_cat?post=6479"},{"taxonomy":"product_tag","embeddable":true,"href":"https:\/\/www.pocapots.es\/ca\/wp-json\/wp\/v2\/product_tag?post=6479"}],"curies":[{"name":"wp","href":"https:\/\/api.w.org\/{rel}","templated":true}]}}