{"id":6476,"date":"2025-04-01T17:02:57","date_gmt":"2025-04-01T15:02:57","guid":{"rendered":"https:\/\/www.pocapots.es\/?post_type=product&#038;p=6476"},"modified":"2026-02-07T21:16:49","modified_gmt":"2026-02-07T20:16:49","slug":"brioix-simple","status":"publish","type":"product","link":"https:\/\/www.pocapots.es\/ca\/produit\/brioche-nature\/","title":{"rendered":"Brioix simple"},"content":{"rendered":"","protected":false},"excerpt":{"rendered":"<p>De vegades la simplicitat \u00e9s la millor. Suau, daurat, lleugerament dol\u00e7... Un brioix que no t\u00e9 res a demostrar.<br \/>\nAl\u00b7l\u00e8rgens: gluten, ous, lactosa<\/p>\n<p>Per a 6 persones<\/p>","protected":false},"featured_media":4970,"template":"","meta":{"_joinchat":[]},"product_brand":[],"product_cat":[80],"product_tag":[255,254],"class_list":{"0":"post-6476","1":"product","2":"type-product","3":"status-publish","4":"has-post-thumbnail","6":"product_cat-desserts","7":"product_tag-dessert","8":"product_tag-farine-bio","10":"first","11":"instock","12":"taxable","13":"shipping-taxable","14":"purchasable","15":"product-type-simple"},"_links":{"self":[{"href":"https:\/\/www.pocapots.es\/ca\/wp-json\/wp\/v2\/product\/6476","targetHints":{"allow":["GET"]}}],"collection":[{"href":"https:\/\/www.pocapots.es\/ca\/wp-json\/wp\/v2\/product"}],"about":[{"href":"https:\/\/www.pocapots.es\/ca\/wp-json\/wp\/v2\/types\/product"}],"wp:featuredmedia":[{"embeddable":true,"href":"https:\/\/www.pocapots.es\/ca\/wp-json\/wp\/v2\/media\/4970"}],"wp:attachment":[{"href":"https:\/\/www.pocapots.es\/ca\/wp-json\/wp\/v2\/media?parent=6476"}],"wp:term":[{"taxonomy":"product_brand","embeddable":true,"href":"https:\/\/www.pocapots.es\/ca\/wp-json\/wp\/v2\/product_brand?post=6476"},{"taxonomy":"product_cat","embeddable":true,"href":"https:\/\/www.pocapots.es\/ca\/wp-json\/wp\/v2\/product_cat?post=6476"},{"taxonomy":"product_tag","embeddable":true,"href":"https:\/\/www.pocapots.es\/ca\/wp-json\/wp\/v2\/product_tag?post=6476"}],"curies":[{"name":"wp","href":"https:\/\/api.w.org\/{rel}","templated":true}]}}