{"id":6475,"date":"2025-04-01T17:02:57","date_gmt":"2025-04-01T15:02:57","guid":{"rendered":"https:\/\/www.pocapots.es\/?post_type=product&#038;p=6475"},"modified":"2025-04-01T17:03:00","modified_gmt":"2025-04-01T15:03:00","slug":"brioix-amb-praline-rosa-de-lio-12","status":"publish","type":"product","link":"https:\/\/www.pocapots.es\/ca\/produit\/brioche-a-la-praline-rose-de-lyon-12\/","title":{"rendered":"Brioix amb pralin\u00e9 rosa de Li\u00f3 (12)"},"content":{"rendered":"","protected":false},"excerpt":{"rendered":"<p>La dol\u00e7or del brioix es troba amb la textura cruixent dels pralin\u00e9s roses... Un cl\u00e0ssic de Li\u00f3 amb qu\u00e8 tothom hi est\u00e0 d&#039;acord.<br \/>\nAl\u00b7l\u00e8rgens: gluten, ous, lactosa, fruits secs<\/p>","protected":false},"featured_media":1128,"template":"","meta":{"_joinchat":[]},"product_brand":[],"product_cat":[80],"product_tag":[255,254],"class_list":{"0":"post-6475","1":"product","2":"type-product","3":"status-publish","4":"has-post-thumbnail","6":"product_cat-desserts","7":"product_tag-dessert","8":"product_tag-farine-bio","10":"first","11":"instock","12":"taxable","13":"shipping-taxable","14":"purchasable","15":"product-type-simple"},"_links":{"self":[{"href":"https:\/\/www.pocapots.es\/ca\/wp-json\/wp\/v2\/product\/6475","targetHints":{"allow":["GET"]}}],"collection":[{"href":"https:\/\/www.pocapots.es\/ca\/wp-json\/wp\/v2\/product"}],"about":[{"href":"https:\/\/www.pocapots.es\/ca\/wp-json\/wp\/v2\/types\/product"}],"wp:featuredmedia":[{"embeddable":true,"href":"https:\/\/www.pocapots.es\/ca\/wp-json\/wp\/v2\/media\/1128"}],"wp:attachment":[{"href":"https:\/\/www.pocapots.es\/ca\/wp-json\/wp\/v2\/media?parent=6475"}],"wp:term":[{"taxonomy":"product_brand","embeddable":true,"href":"https:\/\/www.pocapots.es\/ca\/wp-json\/wp\/v2\/product_brand?post=6475"},{"taxonomy":"product_cat","embeddable":true,"href":"https:\/\/www.pocapots.es\/ca\/wp-json\/wp\/v2\/product_cat?post=6475"},{"taxonomy":"product_tag","embeddable":true,"href":"https:\/\/www.pocapots.es\/ca\/wp-json\/wp\/v2\/product_tag?post=6475"}],"curies":[{"name":"wp","href":"https:\/\/api.w.org\/{rel}","templated":true}]}}