{"id":6468,"date":"2025-04-01T17:02:56","date_gmt":"2025-04-01T15:02:56","guid":{"rendered":"https:\/\/www.pocapots.es\/?post_type=product&#038;p=6468"},"modified":"2025-04-01T17:02:59","modified_gmt":"2025-04-01T15:02:59","slug":"bufet-de-coctels-gourmet-de-luxe","status":"publish","type":"product","link":"https:\/\/www.pocapots.es\/ca\/produit\/buffet-cocktail-gastronomique-luxe\/","title":{"rendered":"Bufet \u201cCoctel gourmet de luxe\u201d."},"content":{"rendered":"","protected":false},"excerpt":{"rendered":"<p> Foie gras fregit amb pa artes\u00e0 i chutney<br \/>\n Plat d&#039;ostres de Marennes d&#039;Ol\u00e9ron en fines de clares, talla 2 o 3 (3 per persona)<br \/>\n Torrades de fajol i t\u00e0rtar de vedella Wagyu<br \/>\n Croque monsieur amb formatge Comt\u00e9, t\u00f2fona i pernil ib\u00e8ric<br \/>\n Bao de ceviche de salm\u00f3 salvatge i all negre<br \/>\n Spanakopita, melmelada de tom\u00e0quet i reducci\u00f3 d&#039;oli de menta (pasta de full d&#039;espinacs grega)<br \/>\n Arancini d&#039;\u00e0nec (croqueta casolana de risoto)<br \/>\n Vieires amb c\u00edtrics i bac\u00f3<br \/>\n Torrada de Roquefort i figues confitades<br \/>\n Tarta Tatin de poma i gingebre (opcional)<br \/>\n Pavlova de fruits vermells<br \/>\n Broquetes de fruites ex\u00f2tiques<\/p>","protected":false},"featured_media":4215,"template":"","meta":{"_joinchat":[]},"product_brand":[],"product_cat":[117],"product_tag":[129,130,128,133],"class_list":{"0":"post-6468","1":"product","2":"type-product","3":"status-publish","4":"has-post-thumbnail","6":"product_cat-buffets-composes","7":"product_tag-cocktail","8":"product_tag-gastronomique","9":"product_tag-gourmet","10":"product_tag-poissons","12":"first","13":"instock","14":"taxable","15":"shipping-taxable","16":"purchasable","17":"product-type-simple"},"_links":{"self":[{"href":"https:\/\/www.pocapots.es\/ca\/wp-json\/wp\/v2\/product\/6468","targetHints":{"allow":["GET"]}}],"collection":[{"href":"https:\/\/www.pocapots.es\/ca\/wp-json\/wp\/v2\/product"}],"about":[{"href":"https:\/\/www.pocapots.es\/ca\/wp-json\/wp\/v2\/types\/product"}],"wp:featuredmedia":[{"embeddable":true,"href":"https:\/\/www.pocapots.es\/ca\/wp-json\/wp\/v2\/media\/4215"}],"wp:attachment":[{"href":"https:\/\/www.pocapots.es\/ca\/wp-json\/wp\/v2\/media?parent=6468"}],"wp:term":[{"taxonomy":"product_brand","embeddable":true,"href":"https:\/\/www.pocapots.es\/ca\/wp-json\/wp\/v2\/product_brand?post=6468"},{"taxonomy":"product_cat","embeddable":true,"href":"https:\/\/www.pocapots.es\/ca\/wp-json\/wp\/v2\/product_cat?post=6468"},{"taxonomy":"product_tag","embeddable":true,"href":"https:\/\/www.pocapots.es\/ca\/wp-json\/wp\/v2\/product_tag?post=6468"}],"curies":[{"name":"wp","href":"https:\/\/api.w.org\/{rel}","templated":true}]}}