{"id":6462,"date":"2025-04-01T17:02:56","date_gmt":"2025-04-01T15:02:56","guid":{"rendered":"https:\/\/www.pocapots.es\/?post_type=product&#038;p=6462"},"modified":"2025-04-01T17:02:58","modified_gmt":"2025-04-01T15:02:58","slug":"bufet-corporatiu-de-luxe","status":"publish","type":"product","link":"https:\/\/www.pocapots.es\/ca\/produit\/buffet-corporate-luxe\/","title":{"rendered":"Bufet \u201ccorporatiu de luxe\u201d."},"content":{"rendered":"","protected":false},"excerpt":{"rendered":"<p> Broquetes de tom\u00e0quet cherry, mozzarella, pernil ib\u00e8ric, alf\u00e0brega fresca<br \/>\n Torrades de fruita seca amb foie gras i chutney<br \/>\n Blinis de salm\u00f3, crema de mascarpone, cogombre<br \/>\n Broquetes de pollastre marinades amb llimona<br \/>\n Mini hamburguesa de vedella amb cheddar, tom\u00e0quet i amanida<br \/>\n Verrina de guacamole i verdures crues<br \/>\n Tapes de tortilla i tom\u00e0quet cherry<br \/>\n Torrades de Roquefort i fruits secs<br \/>\n Tiramis\u00fa<br \/>\n Tartaleta de fruits vermells i ametlles<\/p>","protected":false},"featured_media":1152,"template":"","meta":{"_joinchat":[]},"product_brand":[],"product_cat":[117],"product_tag":[131,129,128],"class_list":{"0":"post-6462","1":"product","2":"type-product","3":"status-publish","4":"has-post-thumbnail","6":"product_cat-buffets-composes","7":"product_tag-buffets","8":"product_tag-cocktail","9":"product_tag-gourmet","11":"first","12":"instock","13":"taxable","14":"shipping-taxable","15":"purchasable","16":"product-type-simple"},"_links":{"self":[{"href":"https:\/\/www.pocapots.es\/ca\/wp-json\/wp\/v2\/product\/6462","targetHints":{"allow":["GET"]}}],"collection":[{"href":"https:\/\/www.pocapots.es\/ca\/wp-json\/wp\/v2\/product"}],"about":[{"href":"https:\/\/www.pocapots.es\/ca\/wp-json\/wp\/v2\/types\/product"}],"wp:featuredmedia":[{"embeddable":true,"href":"https:\/\/www.pocapots.es\/ca\/wp-json\/wp\/v2\/media\/1152"}],"wp:attachment":[{"href":"https:\/\/www.pocapots.es\/ca\/wp-json\/wp\/v2\/media?parent=6462"}],"wp:term":[{"taxonomy":"product_brand","embeddable":true,"href":"https:\/\/www.pocapots.es\/ca\/wp-json\/wp\/v2\/product_brand?post=6462"},{"taxonomy":"product_cat","embeddable":true,"href":"https:\/\/www.pocapots.es\/ca\/wp-json\/wp\/v2\/product_cat?post=6462"},{"taxonomy":"product_tag","embeddable":true,"href":"https:\/\/www.pocapots.es\/ca\/wp-json\/wp\/v2\/product_tag?post=6462"}],"curies":[{"name":"wp","href":"https:\/\/api.w.org\/{rel}","templated":true}]}}