{"id":6980,"date":"2026-04-20T23:04:55","date_gmt":"2026-04-20T21:04:55","guid":{"rendered":"https:\/\/www.pocapots.es\/temoignages\/"},"modified":"2026-04-21T11:44:53","modified_gmt":"2026-04-21T09:44:53","slug":"temoignages","status":"publish","type":"page","link":"https:\/\/www.pocapots.es\/ca\/temoignages\/","title":{"rendered":"Testimonis \u2014 Qui Han Confiat en Nosaltres"},"content":{"rendered":"<h1 class=\"wp-block-heading\">Testimonis \u2014 Qui Han Confiat en Nosaltres<\/h1>\n\n\n\n<p class=\"has-large-font-size\">Des del 2015, Poc a Pots acompanya empreses franceses i internacionals, conciergeries privades, wedding planners i tripulacions de iots a Barcelona. Aix\u00f2 \u00e9s el que en diuen.<\/p>\n\n\n\n<hr class=\"wp-block-separator has-alpha-channel-opacity\"\/>\n\n\n\n<h2 class=\"wp-block-heading\">Socis Institucionals<\/h2>\n\n\n\n<p>Poc a Pots \u00e9s triat regularment per als esdeveniments de l'ecosistema francoespanyol a Barcelona:<\/p>\n\n\n\n<ul class=\"wp-block-list\">\n<li><strong>Atout France<\/strong> \u2014 l'ag\u00e8ncia de desenvolupament tur\u00edstic franc\u00e8s a l'estranger<\/li>\n<li><strong>Business France<\/strong> \u2014 l'ag\u00e8ncia nacional al servei de la internacionalitzaci\u00f3<\/li>\n<li><strong>French Tech Barcelona<\/strong> \u2014 la comunitat de startups franceses a Barcelona<\/li>\n<\/ul>\n\n\n\n<hr class=\"wp-block-separator has-alpha-channel-opacity\"\/>\n\n\n\n<h2 class=\"wp-block-heading\">Testimonis Empresarials<\/h2>\n\n\n\n<blockquote class=\"wp-block-quote is-layout-flow wp-block-quote-is-layout-flow\">\n<p>\u00abVam utilitzar el servei de c\u00e0tering de Virginie durant una exposici\u00f3 a Barcelona per al nostre personal i clients: menjar excel\u00b7lent, servei fant\u00e0stic \u2013 ho recomano molt!\u00bb<\/p>\n<cite><strong>Pierre D.<\/strong> \u2014 Director a Elkem ASA<\/cite>\n<\/blockquote>\n\n\n\n<blockquote class=\"wp-block-quote is-layout-flow wp-block-quote-is-layout-flow\">\n<p>\u00ab Virginie est\u00e0 feta per al servei. El seu c\u00e0tering \u00e9s sempre excel\u00b7lent i sap com crear el bon ambient en qualsevol tipus d'esdeveniment. Vaig tenir l'oportunitat d'experimentar-ho en esdeveniments de French tech i realment la recomano per als vostres esdeveniments. \u00bb<\/p>\n<cite><strong>Muriel M.<\/strong> \u2014 Director d'Operacions de Go Mate Drinks<\/cite>\n<\/blockquote>\n\n\n\n<blockquote class=\"wp-block-quote is-layout-flow wp-block-quote-is-layout-flow\">\n<p>\u00ab Ja sigui per a un esdeveniment empresarial, un p\u00edcnic a la platja o un sopar familiar per a 4\u2026 Virginie sempre compleix amb una cuina deliciosament variada, sempre encertada. \u00bb<\/p>\n<cite><strong>Client Particular<\/strong> \u2014 esdeveniment privat a Barcelona<\/cite>\n<\/blockquote>\n\n\n\n<hr class=\"wp-block-separator has-alpha-channel-opacity\"\/>\n\n\n\n<h2 class=\"wp-block-heading\">Esdeveniments Que Ens Va Agradar Preparar<\/h2>\n\n\n\n<ul class=\"wp-block-list\">\n<li>C\u00f2ctels i Sopars de les Vetllades <em>French Tech Barcelona<\/em> I <em>Business France<\/em><\/li>\n<li>\u00c9v\u00e9nements <em>Atout France<\/em> per a la promoci\u00f3 de la destinaci\u00f3 francesa a Barcelona<\/li>\n<li>Stands de c\u00e0tering en exposicions a la Fira Gran Via per a empreses europees (Elkem ASA, Go Mate Drinks, i altres)<\/li>\n<li>Brunchs, sopars i p\u00edcnics privats al barri 22@ i a Sarri\u00e0<\/li>\n<li>Esdeveniments a bord (aperitius i brunchs en velers i catamarans, en col\u00b7laboraci\u00f3 amb <a href=\"https:\/\/seatablebcn.com\" target=\"_blank\" rel=\"noopener\">Seatable BCN<\/a>)<\/li>\n<li>Casaments franco-espanyols i aniversaris amb tast pr\u00e8vi<\/li>\n<\/ul>\n\n\n\n<hr class=\"wp-block-separator has-alpha-channel-opacity\"\/>\n\n\n\n<h2 class=\"wp-block-heading\">Vols unir-te a aquesta llista?<\/h2>\n\n\n\n<p>Parlem del teu proper esdeveniment a Barcelona. Resposta en 24 hores laborals.<\/p>\n\n\n\n<div class=\"wp-block-buttons is-layout-flex wp-block-buttons-is-layout-flex\">\n\n<div class=\"wp-block-button\"><a class=\"wp-block-button__link wp-element-button\" href=\"\/ca\/contacte\/\">Sol\u00b7licita un pressupost<\/a><\/div>\n\n\n<div class=\"wp-block-button is-style-outline is-style-outline--1\"><a class=\"wp-block-button__link wp-element-button\" href=\"tel:+34693586456\">Truca<\/a><\/div>\n\n\n<div class=\"wp-block-button is-style-outline is-style-outline--2\"><a class=\"wp-block-button__link wp-element-button\" href=\"https:\/\/wa.me\/34693586456\" target=\"_blank\" rel=\"noopener\">Qu\u00e8 tal<\/a><\/div>\n\n<\/div>","protected":false},"excerpt":{"rendered":"<p>T\u00e9moignages \u2014 Ils nous ont fait confiance Depuis 2015, Poc a Pots accompagne entreprises fran\u00e7aises et internationales, conciergeries priv\u00e9es, wedding planners et \u00e9quipages de yachts \u00e0 Barcelone. Voici ce qu\u2019ils en disent. Partenaires institutionnels Poc a Pots est r\u00e9guli\u00e8rement choisi pour les \u00e9v\u00e9nements de l\u2019\u00e9cosyst\u00e8me franco-espagnol \u00e0 Barcelone : Atout France \u2014 l\u2019agence de d\u00e9veloppement [&#8230;]\n","protected":false},"author":39,"featured_media":0,"parent":0,"menu_order":0,"comment_status":"closed","ping_status":"closed","template":"","meta":{"rank_math_title":"T\u00e9moignages \u2014 Clients B2B de Poc a Pots \u00e0 Barcelone","rank_math_description":"Atout France, Business France, French Tech, Elkem, Go Mate Drinks\u2026 Les entreprises et partenaires qui font confiance \u00e0 Poc a Pots pour leurs \u00e9v\u00e9nements \u00e0 Barcelone.","rank_math_focus_keyword":"t\u00e9moignages traiteur barcelone","rank_math_robots":"","rank_math_canonical_url":"","rank_math_facebook_title":"","rank_math_facebook_description":"","_joinchat":[],"footnotes":""},"class_list":["post-6980","page","type-page","status-publish","hentry"],"_links":{"self":[{"href":"https:\/\/www.pocapots.es\/ca\/wp-json\/wp\/v2\/pages\/6980","targetHints":{"allow":["GET"]}}],"collection":[{"href":"https:\/\/www.pocapots.es\/ca\/wp-json\/wp\/v2\/pages"}],"about":[{"href":"https:\/\/www.pocapots.es\/ca\/wp-json\/wp\/v2\/types\/page"}],"author":[{"embeddable":true,"href":"https:\/\/www.pocapots.es\/ca\/wp-json\/wp\/v2\/users\/39"}],"replies":[{"embeddable":true,"href":"https:\/\/www.pocapots.es\/ca\/wp-json\/wp\/v2\/comments?post=6980"}],"version-history":[{"count":1,"href":"https:\/\/www.pocapots.es\/ca\/wp-json\/wp\/v2\/pages\/6980\/revisions"}],"predecessor-version":[{"id":7012,"href":"https:\/\/www.pocapots.es\/ca\/wp-json\/wp\/v2\/pages\/6980\/revisions\/7012"}],"wp:attachment":[{"href":"https:\/\/www.pocapots.es\/ca\/wp-json\/wp\/v2\/media?parent=6980"}],"curies":[{"name":"wp","href":"https:\/\/api.w.org\/{rel}","templated":true}]}}