{"id":6211,"date":"2024-09-20T12:23:10","date_gmt":"2024-09-20T10:23:10","guid":{"rendered":"https:\/\/www.pocapots.es\/?page_id=6211"},"modified":"2026-04-20T22:20:39","modified_gmt":"2026-04-20T20:20:39","slug":"les-nostres-ofertes-diaries-per-a-espais-de-coworking-a-barcelona","status":"publish","type":"page","link":"https:\/\/www.pocapots.es\/ca\/nos-plats-du-jour-pour-les-espaces-de-coworking-a-barcelone\/","title":{"rendered":"Les nostres ofertes di\u00e0ries per a espais de coworking a Barcelona"},"content":{"rendered":"<h2 class=\"wp-block-heading\">Descobreix les nostres del\u00edcies di\u00e0ries: el toc franc\u00e8s al cor del teu espai de coworking a Barcelona!<\/h2>\n\n\n\n<p>Treballes de valent per aconseguir els teus objectius professionals i nosaltres treballem igual de dur per oferir-te \u00e0pats deliciosos que delectaran el teu paladar. Submergeix-te en la nostra cuina internacional amb un toc franc\u00e8s amb els nostres plats casolans del dia.<\/p>\n\n\n\n<h3 class=\"wp-block-heading\">Una experi\u00e8ncia culin\u00e0ria aut\u00e8ntica, saludable i local<\/h3>\n\n\n\n<p>Els nostres plats del dia es preparen principalment amb ingredients org\u00e0nics i locals, garantint frescor, sabor i respecte pel medi ambient. Cada dia, us espera una nova experi\u00e8ncia gustativa, inspirada en les estacions i els magn\u00edfics productes de la nostra regi\u00f3.<\/p>\n\n\n\n<ul class=\"wp-block-list\">\n<li>Est\u00e0s cansat dels \u00e0pats r\u00e0pids i processats?<\/li>\n\n\n\n<li>Busques menjar de manera saludable i equilibrada?<\/li>\n\n\n\n<li>Ets fan de l&#039;aut\u00e8ntica cuina francesa?<\/li>\n\n\n\n<li>Vols donar suport a les empreses locals i als agricultors ecol\u00f2gics?<\/li>\n\n\n\n<li>Treballes en un espai de coworking a Barcelona i vols fer-te un regal sense sortir de la taula?<\/li>\n<\/ul>\n\n\n\n<h3 class=\"wp-block-heading\">Per qu\u00e8 escollir el nostre servei?<\/h3>\n\n\n\n<p>No som nom\u00e9s un altre servei de c\u00e0tering; som el vostre soci per a menjar saludable i delici\u00f3s. Amb nosaltres, teniu garantit:<\/p>\n\n\n\n<ul class=\"wp-block-list\">\n<li><strong>Menja \u00e0pats casolans<\/strong>, sense renunciar a la qualitat.<\/li>\n\n\n\n<li><strong>Gaudeix d&#039;ingredients org\u00e0nics i locals<\/strong>, respectu\u00f3s amb la teva salut i el nostre planeta.<\/li>\n\n\n\n<li><strong>I fins i tot menjar plats fets a la comanda<\/strong> (m\u00e9s de 12 persones)<\/li>\n<\/ul>\n\n\n\n<h3 class=\"wp-block-heading\">Recomanat pels nostres clients satisfets<\/h3>\n\n\n\n<figure class=\"wp-block-image size-medium is-resized\"><img decoding=\"async\" width=\"300\" height=\"244\" data-src=\"https:\/\/www.pocapots.es\/wp-content\/uploads\/2024\/09\/image-300x244.png\" alt=\"\" class=\"wp-image-6213 lazyload\" style=\"--smush-placeholder-width: 300px; --smush-placeholder-aspect-ratio: 300\/244;aspect-ratio:1;object-fit:contain;width:150px\" data-srcset=\"https:\/\/www.pocapots.es\/wp-content\/uploads\/2024\/09\/image-300x244.png 300w, https:\/\/www.pocapots.es\/wp-content\/uploads\/2024\/09\/image-768x626.png 768w, https:\/\/www.pocapots.es\/wp-content\/uploads\/2024\/09\/image-15x12.png 15w, https:\/\/www.pocapots.es\/wp-content\/uploads\/2024\/09\/image-600x489.png 600w, https:\/\/www.pocapots.es\/wp-content\/uploads\/2024\/09\/image.png 1024w\" data-sizes=\"(max-width: 300px) 100vw, 300px\" src=\"data:image\/svg+xml;base64,PHN2ZyB3aWR0aD0iMSIgaGVpZ2h0PSIxIiB4bWxucz0iaHR0cDovL3d3dy53My5vcmcvMjAwMC9zdmciPjwvc3ZnPg==\" \/><\/figure>\n\n\n\n<p>Durant els darrers set anys, hem posat tota la nostra experi\u00e8ncia al servei de la comunitat local i dels expatriats francesos. Els nostres plats del dia s\u00f3n la quinta ess\u00e8ncia de la nostra experi\u00e8ncia i passi\u00f3 per la cuina francesa.<\/p>\n\n\n\n<p>Cada dia, els nostres plats delecten el paladar dels nostres clients fidels al nostre restaurant situat al cor de Barcelona. Deixeu-vos seduir per una cuina que combina tradici\u00f3, sabor i salut.<\/p>\n\n\n\n<p>Els nostres clients ens estimen, i aix\u00f2 es reflecteix en les nostres excel\u00b7lents ressenyes a Google. <strong>Amb una puntuaci\u00f3 de 4,9\/5<\/strong>, el nostre comprom\u00eds d&#039;oferir-vos el millor \u00e9s reconegut per tots aquells que han tastat les nostres especialitats.<\/p>\n\n\n\n<blockquote class=\"wp-block-quote has-medium-font-size is-layout-flow wp-block-quote-is-layout-flow\">\n<p class=\"has-small-font-size\"><strong>Els plats s\u00f3n deliciosos i variats, una aut\u00e8ntica del\u00edcia cada dia. Es nota l&#039;amor per la cuina de qualitat. Gr\u00e0cies!\u201d \u2013 Marie L.<\/strong><\/p>\n<\/blockquote>\n\n\n\n<h3 class=\"wp-block-heading\">Lliurament r\u00e0pid l&#039;endem\u00e0 o el mateix dia per a comandes abans de les 12:00<\/h3>\n\n\n\n<p>Sabem que el teu temps \u00e9s valu\u00f3s. Per aix\u00f2 et prometem que et lliurarem els \u00e0pats directament al teu espai de coworking, gratu\u00eftament per a comandes superiors a 60 \u20ac.<\/p>\n\n\n\n<h3 class=\"wp-block-heading\">Atenci\u00f3, quantitats limitades!<\/h3>\n\n\n\n<p>Els nostres plats del dia s\u00f3n limitats en quantitat per garantir una frescor \u00f2ptima. No dubtis a fer la comanda!<\/p>\n\n\n\n<div class=\"wp-block-buttons is-layout-flex wp-block-buttons-is-layout-flex\">\n<div class=\"wp-block-button\"><a class=\"wp-block-button__link wp-element-button\">Demana ara!<\/a><\/div>\n<\/div>","protected":false},"excerpt":{"rendered":"<p>D\u00e9couvrez nos d\u00e9lices quotidiens : la touche fran\u00e7aise au c\u0153ur de votre espace de coworking \u00e0 Barcelone ! Vous travaillez dur pour atteindre vos objectifs professionnels, et nous travaillons tout aussi dur pour vous offrir des repas savoureux qui raviront vos papilles. Plongez dans notre cuisine internationale avec une \u00ab\u00a0French touch\u00a0\u00bb avec nos plats du [&#8230;]\n","protected":false},"author":39,"featured_media":0,"parent":0,"menu_order":0,"comment_status":"closed","ping_status":"closed","template":"","meta":{"rank_math_title":"Plats du jour pour espaces de coworking \u00e0 Barcelone \u2014 Poc a Pots","rank_math_description":"Abonnement plats du jour pour vos espaces de coworking \u00e0 Barcelone : cuisine fran\u00e7aise fra\u00eeche, livraison quotidienne, formules mensuelles.","rank_math_focus_keyword":"plats du jour coworking barcelone","rank_math_robots":null,"rank_math_canonical_url":"","rank_math_facebook_title":"","rank_math_facebook_description":"","_joinchat":[],"footnotes":""},"class_list":["post-6211","page","type-page","status-publish","hentry"],"_links":{"self":[{"href":"https:\/\/www.pocapots.es\/ca\/wp-json\/wp\/v2\/pages\/6211","targetHints":{"allow":["GET"]}}],"collection":[{"href":"https:\/\/www.pocapots.es\/ca\/wp-json\/wp\/v2\/pages"}],"about":[{"href":"https:\/\/www.pocapots.es\/ca\/wp-json\/wp\/v2\/types\/page"}],"author":[{"embeddable":true,"href":"https:\/\/www.pocapots.es\/ca\/wp-json\/wp\/v2\/users\/39"}],"replies":[{"embeddable":true,"href":"https:\/\/www.pocapots.es\/ca\/wp-json\/wp\/v2\/comments?post=6211"}],"version-history":[{"count":2,"href":"https:\/\/www.pocapots.es\/ca\/wp-json\/wp\/v2\/pages\/6211\/revisions"}],"predecessor-version":[{"id":6214,"href":"https:\/\/www.pocapots.es\/ca\/wp-json\/wp\/v2\/pages\/6211\/revisions\/6214"}],"wp:attachment":[{"href":"https:\/\/www.pocapots.es\/ca\/wp-json\/wp\/v2\/media?parent=6211"}],"curies":[{"name":"wp","href":"https:\/\/api.w.org\/{rel}","templated":true}]}}