{"id":418,"date":"2021-05-19T19:09:09","date_gmt":"2021-05-19T17:09:09","guid":{"rendered":"https:\/\/pocapots.tiviti.es\/?page_id=418"},"modified":"2026-04-20T23:02:59","modified_gmt":"2026-04-20T21:02:59","slug":"avis-legal","status":"publish","type":"page","link":"https:\/\/www.pocapots.es\/ca\/mentions-legales\/","title":{"rendered":"Av\u00eds Legal"},"content":{"rendered":"<h2 class=\"wp-block-heading\"><strong>ARTICLE 1 \u2013 INFORMACI\u00d3 LEGAL<\/strong><\/h2>\n\n\n\n<p>D&#039;acord amb l&#039;article 10 de la Llei de Serveis de la Societat de la Informaci\u00f3 i de Comer\u00e7 Electr\u00f2nic, s&#039;especifica la identitat de les diferents parts implicades en la seva implantaci\u00f3 i seguiment.<\/p>\n\n\n\n<h3 class=\"wp-block-heading\"><strong>T\u00c9.<\/strong>\u00a0Editor del lloc<\/h3>\n\n\n\n<p>El lloc est\u00e0 editat per Virginie Rocher, professional (aut\u00f2noma) domiciliada a la seg\u00fcent adre\u00e7a: Calle Salva, 23 08004 Barcelona i amb NIF Y1388652H.<\/p>\n\n\n\n<p>Tel\u00e8fon: <a href=\"https:\/\/www.google.com\/search?q=poc+a+pots+&amp;safe=active&amp;sxsrf=ALeKk02fyK5JWjQ5jnygsXcpL8abqoO9Dg%3A1621443852618&amp;ei=DEWlYLSBJZTaUqbEvuAC&amp;oq=poc+a+pots+&amp;gs_lcp=Cgdnd3Mtd2l6EAMyBAgjECcyBAgjECcyBggAEBYQHjoHCCMQsAMQJzoHCAAQRxCwA1DqLljnL2CgMWgCcAJ4AIABcIgBnAKSAQMxLjKYAQCgAQGqAQdnd3Mtd2l6yAEDwAEB&amp;sclient=gws-wiz&amp;ved=0ahUKEwi0t-6GndbwAhUUrRQKHSaiDywQ4dUDCA4&amp;uact=5#\" data-dtype=\"d3ifr\" data-local-attribute=\"d3ph\" data-ved=\"2ahUKEwi88N3zntbwAhUD8eAKHabQBCAQkAgoADAcegQIIBAD\" target=\"_blank\" rel=\"noopener\">+34 693 58 64 56<\/a> (Whastapp, tel\u00e8fon)<\/p>\n\n\n\n<p>Adre\u00e7a de correu electr\u00f2nic: pocapots@gmail.com<\/p>\n\n\n\n<p><em>d&#039;ara endavant &quot;l&#039;editor&quot;<\/em><\/p>\n\n\n\n<h3 class=\"wp-block-heading\"><strong>b.<\/strong>\u00a0Director de publicacions<\/h3>\n\n\n\n<p>La directora de publicaci\u00f3 \u00e9s Virginie Rocher.&nbsp;<\/p>\n\n\n\n<h3 class=\"wp-block-heading\"><strong>vs.<\/strong>\u00a0Amfitri\u00f3 del lloc<\/h3>\n\n\n\n<p>El lloc est\u00e0 allotjat per OVH \u2013 2 rue Kellermann \u2013 59100 Roubaix \u2013 Fran\u00e7a.&nbsp; &nbsp; &nbsp; &nbsp; &nbsp; &nbsp; &nbsp; &nbsp; &nbsp; &nbsp; &nbsp;&nbsp;<\/p>\n\n\n\n<h3 class=\"wp-block-heading\"><strong>D.<\/strong>&nbsp;Usuaris<\/h3>\n\n\n\n<p>Es consideren usuaris tots els usuaris d&#039;Internet que naveguen, llegeixin, visualitzin i utilitzin el lloc.<\/p>\n\n\n\n<h2 class=\"wp-block-heading\"><strong>ARTICLE 2 \u2013 ACCESSIBILITAT<\/strong><\/h2>\n\n\n\n<p>El Lloc \u00e9s en principi accessible per als Usuaris les 24 hores del dia, els 7 dies de la setmana, excepte interrupcions, programades o no, per necessitats de manteniment o en cas de for\u00e7a major.<\/p>\n\n\n\n<p>Si l&#039;acc\u00e9s al Lloc \u00e9s impossible, el Lloc es compromet a fer tot el possible per restablir l&#039;acc\u00e9s. El Lloc no es fa responsable de cap dany, sigui quina sigui la seva naturalesa, derivat de la seva indisponibilitat.<\/p>\n\n\n\n<h2 class=\"wp-block-heading\"><strong>ARTICLE 3 \u2013 LLEI APLICABLE I JURISDICCI\u00d3<\/strong><\/h2>\n\n\n\n<p>Aquests Av\u00eds Legals es regeixen per la llei francesa. En cas de controv\u00e8rsia i a falta d&#039;un acord amist\u00f3s, la controv\u00e8rsia es sotmetr\u00e0 als tribunals francesos d&#039;acord amb les normes de jurisdicci\u00f3 vigents.<\/p>\n\n\n\n<h2 class=\"wp-block-heading\"><strong>ARTICLE 4 \u2013 CONTACTE<\/strong><\/h2>\n\n\n\n<p>Per a qualsevol den\u00fancia de continguts o activitats il\u00b7l\u00edcites, l&#039;Usuari pot posar-se en contacte amb l&#039;Editorial a la seg\u00fcent adre\u00e7a: pocapots@gmail.com, o per correu certificat amb acusament de recepci\u00f3 adre\u00e7at a l&#039;Editorial a les dades de contacte aqu\u00ed especificades Av\u00eds Legal.<\/p>\n\n\n\n<p><em>El lloc us desitja una excel\u00b7lent navegaci\u00f3!<\/em><\/p>","protected":false},"excerpt":{"rendered":"<p>ARTICLE 1 \u2013 INFORMATIONS L\u00c9GALES En vertu de l\u2019Article10 de la Loi sur les services de la soci\u00e9t\u00e9 de l\u2019information et le commerce \u00e9lectronique il est pr\u00e9cis\u00e9 l\u2019identit\u00e9 des diff\u00e9rents intervenants dans le cadre de sa r\u00e9alisation et de son suivi. A.\u00a0\u00c9diteur du site Le site est \u00e9dit\u00e9 par Virginie Rocher, professionnelle (aut\u00f3nomo) domicili\u00e9 \u00e0 [&#8230;]\n","protected":false},"author":1,"featured_media":0,"parent":0,"menu_order":0,"comment_status":"closed","ping_status":"closed","template":"","meta":{"rank_math_title":"","rank_math_description":"","rank_math_focus_keyword":"","rank_math_robots":"[\"noindex\",\"nofollow\"]","rank_math_canonical_url":"","rank_math_facebook_title":"","rank_math_facebook_description":"","_joinchat":[],"footnotes":""},"class_list":["post-418","page","type-page","status-publish","hentry"],"_links":{"self":[{"href":"https:\/\/www.pocapots.es\/ca\/wp-json\/wp\/v2\/pages\/418","targetHints":{"allow":["GET"]}}],"collection":[{"href":"https:\/\/www.pocapots.es\/ca\/wp-json\/wp\/v2\/pages"}],"about":[{"href":"https:\/\/www.pocapots.es\/ca\/wp-json\/wp\/v2\/types\/page"}],"author":[{"embeddable":true,"href":"https:\/\/www.pocapots.es\/ca\/wp-json\/wp\/v2\/users\/1"}],"replies":[{"embeddable":true,"href":"https:\/\/www.pocapots.es\/ca\/wp-json\/wp\/v2\/comments?post=418"}],"version-history":[{"count":1,"href":"https:\/\/www.pocapots.es\/ca\/wp-json\/wp\/v2\/pages\/418\/revisions"}],"predecessor-version":[{"id":6975,"href":"https:\/\/www.pocapots.es\/ca\/wp-json\/wp\/v2\/pages\/418\/revisions\/6975"}],"wp:attachment":[{"href":"https:\/\/www.pocapots.es\/ca\/wp-json\/wp\/v2\/media?parent=418"}],"curies":[{"name":"wp","href":"https:\/\/api.w.org\/{rel}","templated":true}]}}