{"id":412,"date":"2021-05-19T18:56:52","date_gmt":"2021-05-19T16:56:52","guid":{"rendered":"https:\/\/pocapots.tiviti.es\/?page_id=412"},"modified":"2023-06-29T13:02:53","modified_gmt":"2023-06-29T11:02:53","slug":"politica-de-privacitat","status":"publish","type":"page","link":"https:\/\/www.pocapots.es\/ca\/politique-de-confidentialite\/","title":{"rendered":"Pol\u00edtica de privacitat"},"content":{"rendered":"<p>La seg\u00fcent declaraci\u00f3 descriu la pol\u00edtica de privadesa de Poc a Pots. Aquesta pol\u00edtica es basa en el seu objectiu fonamental de proporcionar als seus visitants informaci\u00f3 i recursos de qualitat preservant l&#039;anonimat i la privadesa individuals. Si us plau, dirigiu qualsevol comentari que tingueu sobre aquesta pol\u00edtica a support@pocapots.es<\/p>\n\n\n\n<h2 class=\"wp-block-heading\"><b>1. DISPOSICIONS GENERALS<\/b><\/h2>\n\n\n\n<p>Aquesta pol\u00edtica de privadesa descriu com es recullen i utilitza les seves dades personals per Poc a Pots, la seu central es troba a <strong>Carrer de Salv\u00e0, 23, 08004 Barcelona, Espanya<\/strong> en la seva qualitat de responsable del tractament. Poc a Pots s&#039;esfor\u00e7a per garantir un alt nivell de protecci\u00f3 de les seves dades personals, en compliment de la legislaci\u00f3 europea GDPR relativa a la protecci\u00f3 de les persones i pel que fa al tractament de les dades personals i la lliure circulaci\u00f3 d&#039;aquestes dades.<\/p>\n\n\n\n<p>Virginie Rocher \u00e9s una professional (d&#039;ara endavant &quot;Ella&quot;) que presta serveis a empreses i particulars amb el nom comercial Poc a Pots.<\/p>\n\n\n\n<p>\u00c9s la vostra responsabilitat revisar i entendre aquesta pol\u00edtica de privadesa abans de proporcionar les vostres dades personals. Si no est\u00e0 d&#039;acord amb la Pol\u00edtica de Privacitat, si us plau, no proporcioneu les vostres dades personals, no accediu als seus llocs web i\/o utilitzeu els seus productes i serveis.<\/p>\n\n\n\n<p>Poc a Pots pot modificar aquesta carta en qualsevol moment. Aquestes modificacions tindran efecte tan bon punt es publiquin al lloc. Per tant, Poc a Pots us convida a consultar aquest document amb freq\u00fc\u00e8ncia.<\/p>\n\n\n\n<h2 class=\"wp-block-heading\"><b>2. DADES RECOLLIDAS I BASE DEL TRACTAMENT<\/b><\/h2>\n\n\n\n<p>Les dades personals recollides s\u00f3n les que proporcioneu quan completeu els camps de connexi\u00f3.<\/p>\n\n\n\n<p>Recopilem la informaci\u00f3 seg\u00fcent:<\/p>\n\n\n\n<ul class=\"wp-block-list\">\n<li>La vostra identitat i dades de contacte (per exemple, nom, adre\u00e7a de correu electr\u00f2nic, adre\u00e7a postal, n\u00famero de tel\u00e8fon, etc.);<\/li>\n\n\n\n<li>La informaci\u00f3 sociodemogr\u00e0fica (per exemple, la vostra edat, professi\u00f3, g\u00e8nere, etc.) esmentada quan publiqueu una ressenya o compreu un servei;<\/li>\n\n\n\n<li>Informaci\u00f3 relacionada amb les vostres compres (en l\u00ednia), el seu seguiment, aix\u00ed com les factures de compra (per exemple, articles escollits, adre\u00e7a de lliurament i facturaci\u00f3, imports dels productes, m\u00e8tode de pagament, etc.);<\/li>\n\n\n\n<li>Informaci\u00f3 que se us pot demanar que comuniqueu al nostre servei d&#039;atenci\u00f3 al client;<\/li>\n\n\n\n<li>Informaci\u00f3 relacionada amb l&#039;\u00fas del Lloc, en particular la seva navegaci\u00f3 (per exemple, p\u00e0gines visitades, enlla\u00e7os en qu\u00e8 s&#039;ha fet clic, etc.). Part d&#039;aquesta informaci\u00f3 es pot recopilar mitjan\u00e7ant galetes quan navegueu pel nostre lloc.<\/li>\n<\/ul>\n\n\n\n<h2 class=\"wp-block-heading\"><b>3. FINALITAT DE LA COL\u00b7LECCI\u00d3<\/b><\/h2>\n\n\n\n<p>Poc a Pots utilitza les teves dades personals per atendre sol\u00b7licituds i sol\u00b7licituds d&#039;informaci\u00f3 sobre els serveis oferts. A aquest efecte, pot ser necessari que torni a trucar a l&#039;usuari per tel\u00e8fon o que es comuniqui amb l&#039;usuari per correu electr\u00f2nic.<\/p>\n\n\n\n<p>La comunicaci\u00f3 de dades personals en aquest context \u00e9s volunt\u00e0ria. Si l&#039;usuari no facilita aquestes dades personals, no podr\u00e0 beneficiar-se dels corresponents serveis que ofereix el web de Poc a Pots, com ara comunicaci\u00f3 i desc\u00e0rrega de documents.<\/p>\n\n\n\n<p>Quan l&#039;usuari facilita dades personals al lloc web, garanteix haver rebut les autoritzacions i consentiments necessaris de les persones interessades per aquestes dades personals si es refereixen a persones diferents a ell i, si escau, per als usos descrits en les presents condicions generals de utilitzar.<\/p>\n\n\n\n<h2 class=\"wp-block-heading\"><b>4. VIDAD DE CONSERVACI\u00d3<\/b><\/h2>\n\n\n\n<p>Virginie Rocher nom\u00e9s conserva les dades personals dels seus usuaris durant el temps necessari per a les operacions per a les quals van ser recollides i en compliment de la normativa vigent. Aix\u00ed, les dades relatives als clients es conserven durant la durada de les relacions contractuals, incrementades en tres (3) anys amb finalitats d&#039;animaci\u00f3 i prospecci\u00f3, sense perjudici de les obligacions de retenci\u00f3 o terminis de prescripci\u00f3.<\/p>\n\n\n\n<p>Les dades relatives als clients potencials es conserven durant un per\u00edode de tres (3) anys des de l&#039;\u00faltim contacte amb l&#039;empresa.<\/p>\n\n\n\n<h2 class=\"wp-block-heading\"><b>5. SEGURETAT DE LES SEVES DADES<\/b><\/h2>\n\n\n\n<p>Poc a Pots s&#039;esfor\u00e7a per posar en marxa les precaucions necess\u00e0ries per preservar la confidencialitat i seguretat de les dades personals recollides i tractades amb la finalitat d&#039;evitar la seva distorsi\u00f3, dany, destrucci\u00f3 o acc\u00e9s no autoritzat per part de tercers. Ha implantat les mesures de seguretat t\u00e8cniques i organitzatives corresponents.<br>L&#039;acc\u00e9s a les dades est\u00e0 limitat als nostres empleats autoritzats en el curs de la seva feina o als possibles prove\u00efdors de serveis durant la realitzaci\u00f3 d&#039;un servei.<\/p>\n\n\n\n<p>Heu de tenir en compte que la seguretat de la vostra informaci\u00f3 personal tamb\u00e9 dep\u00e8n de vosaltres.<br>Si us plau, no comuniqueu informaci\u00f3 a trav\u00e9s de canals no segurs, per exemple quan es trobi en zones p\u00fabliques.<\/p>\n\n\n\n<h2 class=\"wp-block-heading\"><b>6. DRETS DE LA PERSONA INTERESSADA<\/b>E<\/h2>\n\n\n\n<p>Quan Poc a Pots processa les teves dades personals, tens una s\u00e8rie de drets que es detallen a continuaci\u00f3. Pots exercir els drets d&#039;acc\u00e9s, rectificaci\u00f3, supressi\u00f3, oposici\u00f3, limitaci\u00f3 del tractament aix\u00ed com la portabilitat de les teves dades, en qualsevol moment i de forma totalment gratu\u00efta.<br>Per exercir-los, nom\u00e9s cal enviar un correu electr\u00f2nic a support@pocapots.es Aquest correu ha d&#039;anar acompanyat d&#039;una c\u00f2pia del document d&#039;identitat i ha de contenir la informaci\u00f3 dels drets que es vol exercir. Si la vostra sol\u00b7licitud no est\u00e0 completa, ser\u00e0 impossible processar la vostra sol\u00b7licitud.<br>Tamb\u00e9 t\u00e9 dret a presentar una reclamaci\u00f3 davant la CNIL o un altre organisme europeu autoritzat per tramitar aquestes sol\u00b7licituds.<\/p>","protected":false},"excerpt":{"rendered":"<p>La d\u00e9claration suivante d\u00e9crit la politique de confidentialit\u00e9 de Poc a Pots. Cette politique est bas\u00e9e sur son objectif fondamental de fournir \u00e0 ses visiteurs des informations et des ressources de qualit\u00e9 tout en pr\u00e9servant l\u2019anonymat individuel et la vie priv\u00e9e. Veuillez faire parvenir tout commentaire que vous pourriez avoir concernant cette politique \u00e0 support@pocapots.es [&#8230;]\n","protected":false},"author":1,"featured_media":0,"parent":0,"menu_order":0,"comment_status":"closed","ping_status":"closed","template":"","meta":{"_joinchat":[],"footnotes":""},"class_list":["post-412","page","type-page","status-publish","hentry"],"_links":{"self":[{"href":"https:\/\/www.pocapots.es\/ca\/wp-json\/wp\/v2\/pages\/412","targetHints":{"allow":["GET"]}}],"collection":[{"href":"https:\/\/www.pocapots.es\/ca\/wp-json\/wp\/v2\/pages"}],"about":[{"href":"https:\/\/www.pocapots.es\/ca\/wp-json\/wp\/v2\/types\/page"}],"author":[{"embeddable":true,"href":"https:\/\/www.pocapots.es\/ca\/wp-json\/wp\/v2\/users\/1"}],"replies":[{"embeddable":true,"href":"https:\/\/www.pocapots.es\/ca\/wp-json\/wp\/v2\/comments?post=412"}],"version-history":[{"count":0,"href":"https:\/\/www.pocapots.es\/ca\/wp-json\/wp\/v2\/pages\/412\/revisions"}],"wp:attachment":[{"href":"https:\/\/www.pocapots.es\/ca\/wp-json\/wp\/v2\/media?parent=412"}],"curies":[{"name":"wp","href":"https:\/\/api.w.org\/{rel}","templated":true}]}}