{"id":321,"date":"2021-06-09T15:49:02","date_gmt":"2021-06-09T13:49:02","guid":{"rendered":"https:\/\/pocapots.tiviti.es\/?page_id=321"},"modified":"2025-04-02T21:00:28","modified_gmt":"2025-04-02T19:00:28","slug":"contacte","status":"publish","type":"page","link":"https:\/\/www.pocapots.es\/ca\/contact\/","title":{"rendered":"Contacta amb nosaltres"},"content":{"rendered":"<figure class=\"wp-block-image alignright size-large is-resized\"><img decoding=\"async\" width=\"768\" height=\"1024\" data-src=\"https:\/\/new.pocapots.es\/wp-content\/uploads\/2022\/02\/20220302_202545-768x1024.jpg\" alt=\"\" class=\"wp-image-2933 lazyload\" style=\"--smush-placeholder-width: 768px; --smush-placeholder-aspect-ratio: 768\/1024;width:257px;height:343px\" data-srcset=\"https:\/\/www.pocapots.es\/wp-content\/uploads\/2022\/02\/20220302_202545-768x1024.jpg 768w, https:\/\/www.pocapots.es\/wp-content\/uploads\/2022\/02\/20220302_202545-225x300.jpg 225w, https:\/\/www.pocapots.es\/wp-content\/uploads\/2022\/02\/20220302_202545-1152x1536.jpg 1152w, https:\/\/www.pocapots.es\/wp-content\/uploads\/2022\/02\/20220302_202545-1536x2048.jpg 1536w, https:\/\/www.pocapots.es\/wp-content\/uploads\/2022\/02\/20220302_202545-600x800.jpg 600w, https:\/\/www.pocapots.es\/wp-content\/uploads\/2022\/02\/20220302_202545-700x933.jpg 700w, https:\/\/www.pocapots.es\/wp-content\/uploads\/2022\/02\/20220302_202545-scaled.jpg 1920w\" data-sizes=\"(max-width: 768px) 100vw, 768px\" src=\"data:image\/svg+xml;base64,PHN2ZyB3aWR0aD0iMSIgaGVpZ2h0PSIxIiB4bWxucz0iaHR0cDovL3d3dy53My5vcmcvMjAwMC9zdmciPjwvc3ZnPg==\" \/><\/figure>\n\n\n\n<p>Vols un pressupost per al teu esdeveniment?<br>Poc a Pots i els seus socis et poden oferir a Barcelona i Catalunya a m\u00e9s del servei de c\u00e0tering:<\/p>\n\n\n\n<ul class=\"wp-block-list\">\n<li>Llocs excepcionals<\/li>\n\n\n\n<li>Serveis associats: cambrers, demostracions culin\u00e0ries, cuiners, DJ, so, il\u00b7luminaci\u00f3, etc.<\/li>\n\n\n\n<li>Servei de transport<\/li>\n\n\n\n<li>Lloguer de iots amb patr\u00f3, passejades en globus aerost\u00e0tic...<\/li>\n<\/ul>\n\n\n\n<p><p>Si us plau, omple el formulari seg\u00fcent, et respondrem el m\u00e9s aviat possible.<\/p><\/p>\n\n\n\n<div class=\"wpcf7 no-js\" id=\"wpcf7-f6697-o1\" lang=\"fr-FR\" dir=\"ltr\" data-wpcf7-id=\"6697\">\n<div class=\"screen-reader-response\"><p role=\"status\" aria-live=\"polite\" aria-atomic=\"true\"><\/p> <ul><\/ul><\/div>\n<form action=\"\/ca\/wp-json\/wp\/v2\/pages\/321#wpcf7-f6697-o1\" method=\"post\" class=\"wpcf7-form init\" aria-label=\"Formulari de contacte\" novalidate=\"novalidate\" data-status=\"init\" data-trp-original-action=\"\/ca\/wp-json\/wp\/v2\/pages\/321#wpcf7-f6697-o1\">\n<fieldset class=\"hidden-fields-container\"><input type=\"hidden\" name=\"_wpcf7\" value=\"6697\" \/><input type=\"hidden\" name=\"_wpcf7_version\" value=\"6.1.5\" \/><input type=\"hidden\" name=\"_wpcf7_locale\" value=\"fr_FR\" \/><input type=\"hidden\" name=\"_wpcf7_unit_tag\" value=\"wpcf7-f6697-o1\" \/><input type=\"hidden\" name=\"_wpcf7_container_post\" value=\"0\" \/><input type=\"hidden\" name=\"_wpcf7_posted_data_hash\" value=\"\" \/><input type=\"hidden\" name=\"_wpcf7_recaptcha_response\" value=\"\" \/>\n<\/fieldset>\n<p><label>El teu nom<br \/>\n<span class=\"wpcf7-form-control-wrap\" data-name=\"event-name\"><input size=\"40\" maxlength=\"400\" class=\"wpcf7-form-control wpcf7-text wpcf7-validates-as-required\" autocomplete=\"name\" aria-required=\"true\" aria-invalid=\"false\" value=\"\" type=\"text\" name=\"event-name\" \/><\/span><\/label>\n<\/p>\n<p><label>El teu email<br \/>\n<span class=\"wpcf7-form-control-wrap\" data-name=\"event-email\"><input size=\"40\" maxlength=\"400\" class=\"wpcf7-form-control wpcf7-email wpcf7-validates-as-required wpcf7-text wpcf7-validates-as-email\" autocomplete=\"email\" aria-required=\"true\" aria-invalid=\"false\" value=\"\" type=\"email\" name=\"event-email\" \/><\/span><\/label>\n<\/p>\n<p><label>El seu n\u00famero de tel\u00e8fon<br \/>\n<span class=\"wpcf7-form-control-wrap\" data-name=\"event-phone\"><input size=\"40\" maxlength=\"400\" class=\"wpcf7-form-control wpcf7-tel wpcf7-validates-as-required wpcf7-text wpcf7-validates-as-tel\" aria-required=\"true\" aria-invalid=\"false\" placeholder=\"+34\" value=\"\" type=\"tel\" name=\"event-phone\" \/><\/span><\/label>\n<\/p>\n<p><label>Nombre de gent<br \/>\n<span class=\"wpcf7-form-control-wrap\" data-name=\"event-pax\"><input class=\"wpcf7-form-control wpcf7-number wpcf7-validates-as-required wpcf7-validates-as-number\" min=\"10\" max=\"300\" aria-required=\"true\" aria-invalid=\"false\" value=\"15\" type=\"number\" name=\"event-pax\" \/><\/span><\/label>\n<\/p>\n<p><label>Data de l&#039;esdeveniment<br \/>\n<span class=\"wpcf7-form-control-wrap\" data-name=\"event-date\"><input class=\"wpcf7-form-control wpcf7-date wpcf7-validates-as-required wpcf7-validates-as-date\" aria-required=\"true\" aria-invalid=\"false\" value=\"\" type=\"date\" name=\"event-date\" \/><\/span><\/label>\n<\/p>\n<p><label>Horaris d&#039;inici\/finalitzaci\u00f3<br \/>\n<span class=\"wpcf7-form-control-wrap\" data-name=\"event-hour\"><input size=\"40\" maxlength=\"400\" class=\"wpcf7-form-control wpcf7-text wpcf7-validates-as-required\" aria-required=\"true\" aria-invalid=\"false\" value=\"\" type=\"text\" name=\"event-hour\" \/><\/span><\/label>\n<\/p>\n<p><label>Necessiteu cambrers durant el vostre esdeveniment?<br \/>\n<span class=\"wpcf7-form-control-wrap\" data-name=\"event-server\"><span class=\"wpcf7-form-control wpcf7-radio\"><span class=\"wpcf7-list-item first\"><input type=\"radio\" name=\"event-server\" value=\"Oui\" \/><span class=\"wpcf7-list-item-label\">S\u00ed<\/span><\/span><span class=\"wpcf7-list-item last\"><input type=\"radio\" name=\"event-server\" value=\"Non\" \/><span class=\"wpcf7-list-item-label\">No<\/span><\/span><\/span><\/span><\/label>\n<\/p>\n<p><label>Pressupost desitjat per persona en euros<br \/>\n<span class=\"wpcf7-form-control-wrap\" data-name=\"event-budget\"><input class=\"wpcf7-form-control wpcf7-number wpcf7-validates-as-required wpcf7-validates-as-number\" min=\"15\" max=\"1000\" aria-required=\"true\" aria-invalid=\"false\" value=\"20\" type=\"number\" name=\"event-budget\" \/><\/span><\/label>\n<\/p>\n<p><label>Descriu el teu esdeveniment com vulguis!<br \/>\n<span class=\"wpcf7-form-control-wrap\" data-name=\"event-message\"><textarea cols=\"40\" rows=\"10\" maxlength=\"2000\" class=\"wpcf7-form-control wpcf7-textarea wpcf7-validates-as-required\" aria-required=\"true\" aria-invalid=\"false\" name=\"event-message\"><\/textarea><\/span><\/label>\n<\/p>\n<p><input class=\"wpcf7-form-control wpcf7-submit has-spinner\" type=\"submit\" value=\"Enviar\" \/>\n<\/p><div class=\"wpcf7-response-output\" aria-hidden=\"true\"><\/div>\n<input type=\"hidden\" name=\"trp-form-language\" value=\"ca\"\/><\/form>\n<\/div>\n\n\n\n\n<p>Tamb\u00e9 pots enviar-nos un missatge per whatsapp: <a href=\"https:\/\/wa.me\/34693586456?text=34693586456\"><img decoding=\"async\" title=\"Qu\u00e8 tal\" data-src=\"https:\/\/new.pocapots.es\/wp-content\/uploads\/elementor\/thumbs\/whatsapp-ppbwvhvw9ilu3fz3bkn3oopdkkkdo25xztadepdyt0.png\" alt=\"Qu\u00e8 tal\" src=\"data:image\/svg+xml;base64,PHN2ZyB3aWR0aD0iMSIgaGVpZ2h0PSIxIiB4bWxucz0iaHR0cDovL3d3dy53My5vcmcvMjAwMC9zdmciPjwvc3ZnPg==\" class=\"lazyload\"><\/a><\/p>\n\n\n\n<p>Segueix-nos a : <div class=\"social-icons follow-icons\" ><a href=\"https:\/\/www.facebook.com\/pocapots\" target=\"_blank\" data-label=\"Facebook\" class=\"icon button circle is-outline tooltip facebook\" title=\"Seguiu-nos a Facebook\" aria-label=\"Seguiu-nos a Facebook\" rel=\"noopener nofollow\"><i class=\"icon-facebook\" aria-hidden=\"true\"><\/i><\/a><a href=\"https:\/\/www.instagram.com\/pocapots\/\" target=\"_blank\" data-label=\"Instagram\" class=\"icon button circle is-outline tooltip instagram\" title=\"Seguiu-nos a Instagram\" aria-label=\"Seguiu-nos a Instagram\" rel=\"noopener nofollow\"><i class=\"icon-instagram\" aria-hidden=\"true\"><\/i><\/a><a href=\"https:\/\/twitter.com\/pocapots\/\" data-label=\"Twitter\" target=\"_blank\" class=\"icon button circle is-outline tooltip twitter\" title=\"Seguiu-nos a Twitter\" aria-label=\"Seguiu-nos a Twitter\" rel=\"noopener nofollow\"><i class=\"icon-twitter\" aria-hidden=\"true\"><\/i><\/a><\/div>","protected":false},"excerpt":{"rendered":"<p>Voleu un pressupost per al vostre esdeveniment Poc a Pots i els seus socis us poden oferir a Barcelona i Catalunya a m\u00e9s del servei de c\u00e0tering: Si us plau, ompliu el seg\u00fcent formulari, us respondrem el m\u00e9s aviat possible. Tamb\u00e9 pots enviar-nos un missatge per whatsapp: Segueix-nos a:<\/p>","protected":false},"author":1,"featured_media":2933,"parent":0,"menu_order":0,"comment_status":"closed","ping_status":"closed","template":"","meta":{"_joinchat":[],"footnotes":""},"class_list":["post-321","page","type-page","status-publish","has-post-thumbnail","hentry"],"_links":{"self":[{"href":"https:\/\/www.pocapots.es\/ca\/wp-json\/wp\/v2\/pages\/321","targetHints":{"allow":["GET"]}}],"collection":[{"href":"https:\/\/www.pocapots.es\/ca\/wp-json\/wp\/v2\/pages"}],"about":[{"href":"https:\/\/www.pocapots.es\/ca\/wp-json\/wp\/v2\/types\/page"}],"author":[{"embeddable":true,"href":"https:\/\/www.pocapots.es\/ca\/wp-json\/wp\/v2\/users\/1"}],"replies":[{"embeddable":true,"href":"https:\/\/www.pocapots.es\/ca\/wp-json\/wp\/v2\/comments?post=321"}],"version-history":[{"count":2,"href":"https:\/\/www.pocapots.es\/ca\/wp-json\/wp\/v2\/pages\/321\/revisions"}],"predecessor-version":[{"id":6699,"href":"https:\/\/www.pocapots.es\/ca\/wp-json\/wp\/v2\/pages\/321\/revisions\/6699"}],"wp:featuredmedia":[{"embeddable":true,"href":"https:\/\/www.pocapots.es\/ca\/wp-json\/wp\/v2\/media\/2933"}],"wp:attachment":[{"href":"https:\/\/www.pocapots.es\/ca\/wp-json\/wp\/v2\/media?parent=321"}],"curies":[{"name":"wp","href":"https:\/\/api.w.org\/{rel}","templated":true}]}}