{"id":1242,"date":"2023-06-29T13:10:44","date_gmt":"2023-06-29T11:10:44","guid":{"rendered":"https:\/\/pocapots.tiviti.es\/?page_id=1242"},"modified":"2023-06-29T13:10:45","modified_gmt":"2023-06-29T11:10:45","slug":"reemborsaments_devolucions","status":"publish","type":"page","link":"https:\/\/www.pocapots.es\/ca\/remboursements_retours\/","title":{"rendered":"Condicions de venda"},"content":{"rendered":"<p>El lloc \u00e9s propietat de Poc a Pots en la seva totalitat, aix\u00ed com tots els drets relacionats. Qualsevol reproducci\u00f3, total o parcial, est\u00e0 subjecta sistem\u00e0ticament a l&#039;autoritzaci\u00f3 dels propietaris. No obstant aix\u00f2, els enlla\u00e7os de tipus hipertext al lloc estan autoritzats sense sol\u00b7licituds espec\u00edfiques.<\/p>\n\n\n\n<p>Tots els serveis\/entregues de la botiga online, propietat de Poc a Pots, estan subjectes a les Condicions Generals esmentades a continuaci\u00f3.<\/p>\n\n\n\n<h2 class=\"wp-block-heading\">1. Acceptaci\u00f3 de condicions<\/h2>\n\n\n\n<p>El client reconeix haver llegit, en el moment de realitzar la comanda, les condicions particulars de venda que s&#039;exposen en aquesta pantalla i declara expressament acceptar-les sense reserves.<br>Aquestes condicions generals de venda regulen les relacions contractuals entre Poc a Pots i el seu client, acceptant-les ambdues parts sense reserves. Les presents condicions generals de venda prevaldran sobre totes les altres condicions que figuren en qualsevol altre document, llevat que es renunci\u00ef el contrari, expressament i per escrit.<\/p>\n\n\n\n<h2 class=\"wp-block-heading\">2. Productes<\/h2>\n\n\n\n<p>Les fotografies que il\u00b7lustren els productes no entren en l&#039;\u00e0mbit contractual. Si s&#039;introdueixen errors, Poc a Pots no es fa responsable en cap cas. La majoria de productes que Poc a Pots ofereix als seus clients estan disponibles. Tanmateix, en cas de no disponibilitat d&#039;un producte demanat, Poc a Pots es compromet a substituir-lo per un producte almenys equivalent, o de gamma superior.<\/p>\n\n\n\n<h2 class=\"wp-block-heading\">3. Ordre<\/h2>\n\n\n\n<p>Els sistemes de gravaci\u00f3 autom\u00e0tica es consideren com a prova de la naturalesa, contingut i data de la comanda. Poc a Pots confirma l&#039;acceptaci\u00f3 de la seva comanda al client a l&#039;adre\u00e7a de correu electr\u00f2nic que ha comunicat. La venda nom\u00e9s es conclour\u00e0 despr\u00e9s de la confirmaci\u00f3 de la comanda. Poc a Pots es reserva el dret d&#039;anul\u00b7lar qualsevol comanda d&#039;un client amb qui hi hagi una disputa relacionada amb el pagament d&#039;una comanda anterior. La informaci\u00f3 facilitada pel comprador en rebre la comanda l&#039;obliga: en cas d&#039;error en la redacci\u00f3 de les dades de contacte del destinatari, el venedor no es fa responsable de la impossibilitat de lliurar el producte.<\/p>\n\n\n\n<p>Per raons \u00f2bvies d&#039;higiene, no es retornar\u00e0 ni canviar\u00e0 cap mercaderia. En cas d&#039;escassetat d&#039;estocs, s&#039;ofereix un producte de qualitat equivalent.<\/p>\n\n\n\n<h2 class=\"wp-block-heading\">4. Lliurament a Barcelona, Espanya (ciutat) codis postals 08001 a 08041<\/h2>\n\n\n\n<h3 class=\"wp-block-heading\">4-1 Lliurament:<\/h3>\n\n\n\n<p>Poc a Pots no es fa responsable d&#039;un impediment de lliurament vinculat a un cas de for\u00e7a major: incendi, vandalisme de vehicles, meteorologia, desastre natural, tall de carreteres o carrers, o qualsevol altra causa aliena a la nostra voluntat.<\/p>\n\n\n\n<p>ATENCI\u00d3: es poden aplicar despeses de lliurament addicionals per a comandes especials fora de l&#039;\u00e0rea coberta autom\u00e0ticament al lloc.<\/p>\n\n\n\n<h3 class=\"wp-block-heading\">4-2 Termini de lliurament:<\/h3>\n\n\n\n<p>Despr\u00e9s de la confirmaci\u00f3 de la comanda, Poc a Pots es compromet a lliurar els productes demanats en la franja hor\u00e0ria seleccionada en un m\u00e0xim de 2 hores. En cas contrari, es procedir\u00e0 a un reemborsament total o parcial en funci\u00f3 de l&#039;acord entre les parts.<\/p>\n\n\n\n<h3 class=\"wp-block-heading\">4-3 M\u00e8tode de lliurament.<\/h3>\n\n\n\n<p>Per motius de disponibilitat, una comanda es pot lliurar en diversos terminis al client. El client nom\u00e9s paga una entrega. Si el client vol 2 punts de lliurament, fa 2 comandes, amb els costos de lliurament associats.<\/p>\n\n\n\n<h2 class=\"wp-block-heading\">5. Retirada<\/h2>\n\n\n\n<p>Qualsevol comanda es considera ferma en el moment del registre. Si us plau, poseu-vos en contacte amb nosaltres el m\u00e9s aviat possible a trav\u00e9s de WhatSapp en cas d&#039;error o modificaci\u00f3 per tal de trobar un possible acord. <\/p>\n\n\n\n<h2 class=\"wp-block-heading\">6. Preu<\/h2>\n\n\n\n<p>El preu s&#039;expressa en euros.<br>El preu indicat a les fitxes de producte no inclou l&#039;IVA ni el transport.<\/p>\n\n\n\n<h2 class=\"wp-block-heading\">7. Pagament<\/h2>\n\n\n\n<p>El preu facturat al client \u00e9s el preu indicat a la confirmaci\u00f3 de comanda enviada per Poc a Pots.<br>El preu dels productes es paga en efectiu el dia de la comanda real.<br>El pagament es realitza amb targeta de cr\u00e8dit o transfer\u00e8ncia. Es pot demanar un comprovant de transfer\u00e8ncia per validar la comanda.<br>Per tant, el vostre n\u00famero de targeta banc\u00e0ria es dirigeix als servidors de Stripe o Paypal, el vostre pagament s&#039;efectua directament a aquests prove\u00efdors de serveis en un entorn segur sense passar pel servidor de la botiga, una garantia que \u00e9s tant m\u00e9s important com que els vostres n\u00fameros nom\u00e9s s\u00f3n coneguts per aquests. prove\u00efdors de servei.<br>La comanda validada pel client nom\u00e9s es considerar\u00e0 efectiva quan els centres de pagament bancari interessats hagin donat el seu acord. En cas de denegaci\u00f3 d&#039;aquests centres, la comanda quedar\u00e0 autom\u00e0ticament anul\u00b7lada.A m\u00e9s, Poc a Pots es reserva el dret de rebutjar qualsevol comanda d&#039;un client amb el qual hi hagi un conflicte.<\/p>\n\n\n\n<h2 class=\"wp-block-heading\">8. Conflictes<\/h2>\n\n\n\n<p>Aquest contracte est\u00e0 subjecte a la legislaci\u00f3 espanyola.<\/p>\n\n\n\n<p>Poc a Pots no es fa responsable dels danys de qualsevol naturalesa, ja siguin materials, immaterials o corporals, que poguessin derivar-se d&#039;una mala conservaci\u00f3 o mal \u00fas dels productes venuts. La responsabilitat de Poc a Pots es limitar\u00e0, en tot cas, a l&#039;import de la comanda i no es pot culpar dels simples errors o omissions que hagin pogut romandre malgrat totes les precaucions preses en la presentaci\u00f3 dels productes. aquest contracte, el comprador t\u00e9 la possibilitat, abans de qualsevol acci\u00f3 legal, de buscar una soluci\u00f3 amistosa. Tingueu en compte que la recerca d&#039;una soluci\u00f3 amistosa no interromp el \u201cbreu per\u00edode\u201d de la garantia legal, ni la durada de la garantia contractual. Tingueu en compte que, per regla general i subjecte a la sent\u00e8ncia dels Tribunals, el compliment de les disposicions d&#039;aquest contracte relatives a la garantia contractual pressuposa que el comprador compleixi els seus compromisos econ\u00f2mics amb el venedor.<br>Les queixes o controv\u00e8rsies seran sempre rebudes amb atenta amabilitat, presumint-se sempre la bona fe en qui es pren la mol\u00e8stia d&#039;explicar les seves situacions. En cas de conflicte, el client es posar\u00e0 en contacte amb car\u00e0cter prioritari amb l&#039;empresa per obtenir una soluci\u00f3 amistosa.<\/p>\n\n\n\n<h2 class=\"wp-block-heading\">9. Garantia<\/h2>\n\n\n\n<p>Els productes elaborats i lliurats s&#039;han de consumir el mateix dia.<br>En tots els casos Poc a Pots no es fa responsable de l&#039;incompliment de les disposicions normatives i legislatives vigents al pa\u00eds de recepci\u00f3, la responsabilitat de Poc a Pots es limita sistem\u00e0ticament al valor del producte en q\u00fcesti\u00f3, valor a la seva data. de venda i sense possibilitat de recurs contra la marca o l&#039;empresa productora del producte.<br>En qualsevol cas, el client es beneficia de la garantia legal de desnonament i defectes ocults. Sempre que el comprador demostri el defecte ocult, el venedor ha de reparar legalment totes les conseq\u00fc\u00e8ncies; si el comprador acudeix als jutjats, ho ha de fer en &quot;poc temps&quot; des del descobriment del defecte ocult. Pots contactar amb l&#039;atenci\u00f3 al client: a trav\u00e9s de WhatSapp, el nostre xat, el nostre formulari de contacte o per correu electr\u00f2nic a support@pocapots.es.<\/p>\n\n\n\n<h2 class=\"wp-block-heading\">10. Informaci\u00f3 legal<\/h2>\n\n\n\n<p>El subministrament de la informaci\u00f3 personal recollida amb finalitats de venda a dist\u00e0ncia \u00e9s obligatori, essent aquesta informaci\u00f3 essencial per a la tramitaci\u00f3 i lliurament de comandes, l&#039;elaboraci\u00f3 de factures i contractes de garantia. En cas de no facilitar informaci\u00f3, la comanda no ser\u00e0 validada. D&#039;acord amb la legislaci\u00f3 europea GDPR, el client t\u00e9 dret a accedir, modificar, rectificar i suprimir les dades que el concerneixen, que pot exercir amb Poc a Pots. A m\u00e9s, Poc a Pots es compromet a no comunicar mai, gratu\u00eftament o a canvi d&#039;una indemnitzaci\u00f3, les dades de contacte dels seus clients a un tercer.<\/p>\n\n\n\n<h2 class=\"wp-block-heading\">CONDICIONS GENERALS DE VENDA \u201cPERSONALITZADES\u201d<\/h2>\n\n\n\n<h3 class=\"wp-block-heading\">Article 1: Aplicaci\u00f3 de les Condicions Generals de Venda<\/h3>\n\n\n\n<p>Les presents Condicions Generals de Venda s&#039;apliquen als serveis prestats per Poc a Pots, a continuaci\u00f3 s&#039;esmenta \u201cel c\u00e0tering\u201d, com a part dels serveis de c\u00e0tering descrits en el pressupost enviat al client.<br>Aquestes Condicions Generals de Venda s&#039;envien al client al mateix temps que el pressupost, per tal que aquest pugui realitzar la seva comanda. Per tant, qualsevol comanda implica l&#039;acceptaci\u00f3 plena i sense reserves per part del client d&#039;aquestes condicions, amb l&#039;exclusi\u00f3 de qualsevol altre document com ara fullet\u00f3, documents comercials, etc.<br>En cas de contradicci\u00f3 entre les disposicions que consten en el pressupost signat pel client i les que figuren en les presents Condicions Generals de Venda, nom\u00e9s ser\u00e0 aplicable el que disposa el pressupost.<\/p>\n\n\n\n<h3 class=\"wp-block-heading\">Article 2: Reserva<\/h3>\n\n\n\n<p>La comanda del Client queda definitivament registrada en rebre per part del c\u00e0tering aquest pressupost degudament datat i signat pel client, amb el segell comercial del client i la menci\u00f3 &quot;Val d&#039;acord&quot;, i acompanyat d&#039;un dip\u00f2sit de 50% d&#039;import total. del servei.<\/p>\n\n\n\n<h3 class=\"wp-block-heading\">Article 3: Confirmaci\u00f3 de la reserva<\/h3>\n\n\n\n<p>El nostre servei de c\u00e0tering est\u00e0 estrictament vinculat a la confirmaci\u00f3 del lloguer de l&#039;espai de recepci\u00f3. Qualsevol modificaci\u00f3 o cancel\u00b7laci\u00f3 del contracte de lloguer de l&#039;habitaci\u00f3 pot tenir conseq\u00fc\u00e8ncies en els nostres serveis de c\u00e0tering i comportar canvis en els mateixos. Per tant, ens han de comunicar el m\u00e9s aviat possible. En tot cas, el c\u00e0tering no es fa responsable d&#039;aquestes modificacions o cancel\u00b7lacions i de les seves conseq\u00fc\u00e8ncies. El c\u00e0tering no ser\u00e0 de cap manera responsable de les despeses ocasionades, ni de la cancel\u00b7laci\u00f3 o ajornament de l&#039;esdeveniment i no reconeixer\u00e0 cap indemnitzaci\u00f3, dany o inter\u00e8s.<br>El client ha de confirmar el pressupost com a m\u00e0xim:<br>- Si l&#039;esdeveniment t\u00e9 lloc dins dels 30 dies seg\u00fcents: 10 dies seg\u00fcents a la data d&#039;emissi\u00f3 del mateix,<br>\u2013 si l&#039;esdeveniment t\u00e9 lloc en m\u00e9s de 30 dies: almenys 20 dies h\u00e0bils abans de la data de recepci\u00f3.<\/p>\n\n\n\n<p>El nombre exacte de convidats previst per a cada servei s&#039;ha de comunicar per escrit al c\u00e0tering, 7 dies h\u00e0bils abans de la data d&#039;inici de l&#039;esdeveniment (dissabte i diumenge no inclosos). En cas contrari, el nombre de par\u00e0metres que apareixen a l&#039;oferta servir\u00e0 com a base de facturaci\u00f3 m\u00ednima. S&#039;especifica que els productes no consumits com a part d&#039;un env\u00e0s no poden donar lloc a una rebaixa de preu.<\/p>\n\n\n\n<h3 class=\"wp-block-heading\">Article 4: Modificaci\u00f3 de serveis<\/h3>\n\n\n\n<p>Qualsevol sol\u00b7licitud de modificaci\u00f3 dels serveis respecte al pressupost acceptat s&#039;ha d&#039;enviar per escrit (correu electr\u00f2nic) a l&#039;adre\u00e7a support@pocapots.es. A falta d&#039;acceptaci\u00f3 per escrit del c\u00e0tering dins dels 8 dies seg\u00fcents a la recepci\u00f3 de la sol\u00b7licitud, s&#039;ent\u00e9n que el contracte continua en els termes i condicions determinats en el pressupost acceptat pel client.<\/p>\n\n\n\n<h3 class=\"wp-block-heading\">Article 5: Anul\u00b7laci\u00f3<\/h3>\n\n\n\n<p>Com que la facturaci\u00f3 es fa en funci\u00f3 dels serveis reservats, es convida al client a prestar la m\u00e0xima atenci\u00f3 a les seg\u00fcents condicions de cancel\u00b7laci\u00f3:<\/p>\n\n\n\n<p>Les anul\u00b7lacions, de tot o part de la comanda inicial, s&#039;han de fer per escrit al c\u00e0tering. <\/p>\n\n\n\n<ul class=\"wp-block-list\">\n<li>En cas de notificaci\u00f3 rebuda amb m\u00e9s de 30 dies d&#039;antelaci\u00f3 a la data d&#039;inici de l&#039;esdeveniment, la fian\u00e7a es retornar\u00e0 al client dins dels 8 dies seg\u00fcents a la notificaci\u00f3.<\/li>\n\n\n\n<li>En cas de notificaci\u00f3 d&#039;anul\u00b7laci\u00f3 rebuda amb menys de 15 dies d&#039;antelaci\u00f3 a la data d&#039;inici de l&#039;esdeveniment, el c\u00e0tering retindr\u00e0 la fian\u00e7a abonada com a compensaci\u00f3.<\/li>\n\n\n\n<li>En cas de notificaci\u00f3 de cancel\u00b7laci\u00f3 rebuda amb menys de 8 dies d&#039;antelaci\u00f3 a la data de l&#039;esdeveniment, el client haur\u00e0 d&#039;abonar a 90% l&#039;import \u00edntegre del servei que figura al pressupost.<\/li>\n\n\n\n<li>En cas de notificaci\u00f3 de cancel\u00b7laci\u00f3 rebuda amb menys de 48 hores d&#039;antelaci\u00f3 a la data de l&#039;esdeveniment, el Client haur\u00e0 d&#039;abonar la totalitat de l&#039;import del servei que figura al pressupost.<\/li>\n<\/ul>\n\n\n\n<h3 class=\"wp-block-heading\">Article 6: Preu<\/h3>\n\n\n\n<p>Els preus s&#039;expressen nets sense impostos. Els preus confirmats a l&#039;oferta s\u00f3n ferms durant 1 mes des de la data d&#039;enviament de l&#039;oferta al client. Transcorregut aquest termini, es podran modificar en funci\u00f3 de les condicions econ\u00f2miques. Aleshores, les tarifes aplicables s\u00f3n les vigents el dia de la prestaci\u00f3 del servei.<\/p>\n\n\n\n<p>Els preus podran ser modificats en cas d&#039;un canvi legislatiu i\/o normatiu susceptible de comportar variacions de preu com ara: modificaci\u00f3 del tipus d&#039;IVA aplicable, introducci\u00f3 de nous impostos, etc.<\/p>\n\n\n\n<h3 class=\"wp-block-heading\">Article 7: Hores extraordin\u00e0ries<\/h3>\n\n\n\n<p>Si s&#039;excedeix l&#039;hora especificada en el pressupost, es facturaran hores addicionals: Durant el dia de 7:00 a 22:00 h: a ra\u00f3 de 30 \u20ac sense IVA per hora, per servidor present.<br>Tarifa nocturna de 22:00 a 6:00 a.m.: a la tarifa de 45 \u20ac sense impostos per hora, per servidor present<\/p>\n\n\n\n<h3 class=\"wp-block-heading\">Article 8: Terminis de pagament<\/h3>\n\n\n\n<p>Quan caduca la seva opci\u00f3 (veure art.3), el client haur\u00e0 d&#039;haver signat el contracte comercial i abonat la fian\u00e7a de confirmaci\u00f3 calculat segons l&#039;import del pressupost, pel qual rebr\u00e0 una factura d&#039;ingr\u00e9s.<br>L&#039;import net d&#039;aquest dip\u00f2sit es dedueix de la factura final (saldo) subjecte a la possible aplicaci\u00f3 d&#039;una compensaci\u00f3 per cancel\u00b7laci\u00f3.<br>Llevat que el contracte estableixi el contrari, les factures del saldo s\u00f3n establertes pel c\u00e0tering, i s&#039;han de pagar en el moment de la seva recepci\u00f3.<br>En cas de desacord sobre una part de la factura, el client es compromet a pagar la part indiscutible sense demora i a indicar per escrit al c\u00e0tering el motiu del litigi.<br>La comanda d&#039;extres (begudes, etc.) sol\u00b7licitada per un o m\u00e9s participants es lliurar\u00e0 al client o al responsable de l&#039;esdeveniment present per a l&#039;autoritzaci\u00f3 que donar\u00e0 signant el nostre full d&#039;instruccions. S&#039;adjuntar\u00e0 una c\u00f2pia a la factura final.<br>Qualsevol endarreriment en el pagament comportar\u00e0 penalitzacions per demora iguals al tipus d&#039;inter\u00e8s legal vigent. Tots els costos que el c\u00e0tering pugui haver de suportar en relaci\u00f3 amb la recuperaci\u00f3 de deutes pendents aniran a c\u00e0rrec del client.<br>El client \u00e9s responsable de tots els danys causats a trav\u00e9s d&#039;ell (en particular pels participants o els seus convidats) i es compromet, en cas de dany als equips de servei prestats, a assumir les despeses de reparaci\u00f3 i\/o substituci\u00f3.<\/p>\n\n\n\n<h2 class=\"wp-block-heading\">Article 9: Recomanacions<\/h2>\n\n\n\n<p>El client es compromet a convidar nom\u00e9s a persones el comportament de les quals no sigui susceptible, de cap manera, de perjudicar el personal i l&#039;equip del c\u00e0tering que els at\u00e9n.<br>Aquest \u00faltim es reserva el dret d&#039;intervenir si cal. El client no podr\u00e0 portar cap beguda o aliment de l&#039;exterior. El client es compromet a garantir que els participants i els seus convidats respectin totes les instruccions i normatives de l&#039;establiment i del c\u00e0tering (en particular la prohibici\u00f3 de fumar en els locals d&#039;\u00fas col\u00b7lectiu). El client vetllar\u00e0 perqu\u00e8 els participants no pertorbin les operacions del c\u00e0tering ni posi en perill la seguretat de l&#039;establiment o de les persones que hi ha.<\/p>\n\n\n\n<h3 class=\"wp-block-heading\">Article 10: For\u00e7a major<\/h3>\n\n\n\n<p>El c\u00e0tering pot alliberar-se de les seves obligacions o suspendre-ne l&#039;execuci\u00f3 si es troba en la impossibilitat d&#039;assumir-les per l&#039;ocurr\u00e8ncia d&#039;un fet excepcional, o un cas de for\u00e7a major, i en particular en cas de destrucci\u00f3 total o parcial de l&#039;establiment. , vaga, etc.<\/p>\n\n\n\n<h3 class=\"wp-block-heading\">Article 11: Queixes i disputes<\/h3>\n\n\n\n<p>Qualsevol controv\u00e8rsia i reclamaci\u00f3 nom\u00e9s es podr\u00e0 tenir en compte si es fa per escrit i s&#039;envia al c\u00e0tering en un termini m\u00e0xim de 5 dies despr\u00e9s de la finalitzaci\u00f3 de l&#039;esdeveniment.<\/p>\n\n\n\n<p>Menors: est\u00e0 prohibida la venda d&#039;alcohol a menors de 16 anys. Per tant, qualsevol persona que demani vi, cervesa o qualsevol forma de beguda alcoh\u00f2lica a Poc a Pots es compromet a tenir com a m\u00ednim 16 anys en la data de la comanda. L&#039;ab\u00fas d&#039;alcohol \u00e9s perill\u00f3s per a la salut. Saber consumir amb moderaci\u00f3.<\/p>","protected":false},"excerpt":{"rendered":"<p>Le site est la propri\u00e9t\u00e9 de Poc a Pots en sa totalit\u00e9, ainsi que l\u2019ensemble des droits y aff\u00e9rents. Toute reproduction, int\u00e9grale ou partielle, est syst\u00e9matiquement soumise \u00e0 l\u2019autorisation des propri\u00e9taires. Toutefois, les liaisons du type hypertextes vers le site sont autoris\u00e9es sans demandes sp\u00e9cifiques. Toutes les prestations \/ livraisons de la boutique en ligne, [&#8230;]\n","protected":false},"author":1,"featured_media":0,"parent":0,"menu_order":0,"comment_status":"closed","ping_status":"closed","template":"","meta":{"_joinchat":[],"footnotes":""},"class_list":["post-1242","page","type-page","status-publish","hentry"],"_links":{"self":[{"href":"https:\/\/www.pocapots.es\/ca\/wp-json\/wp\/v2\/pages\/1242","targetHints":{"allow":["GET"]}}],"collection":[{"href":"https:\/\/www.pocapots.es\/ca\/wp-json\/wp\/v2\/pages"}],"about":[{"href":"https:\/\/www.pocapots.es\/ca\/wp-json\/wp\/v2\/types\/page"}],"author":[{"embeddable":true,"href":"https:\/\/www.pocapots.es\/ca\/wp-json\/wp\/v2\/users\/1"}],"replies":[{"embeddable":true,"href":"https:\/\/www.pocapots.es\/ca\/wp-json\/wp\/v2\/comments?post=1242"}],"version-history":[{"count":0,"href":"https:\/\/www.pocapots.es\/ca\/wp-json\/wp\/v2\/pages\/1242\/revisions"}],"wp:attachment":[{"href":"https:\/\/www.pocapots.es\/ca\/wp-json\/wp\/v2\/media?parent=1242"}],"curies":[{"name":"wp","href":"https:\/\/api.w.org\/{rel}","templated":true}]}}